{"id":12019,"date":"2026-02-04T18:46:50","date_gmt":"2026-02-04T17:46:50","guid":{"rendered":"https:\/\/golftorrequebrada.com\/?page_id=12019"},"modified":"2026-03-15T18:48:52","modified_gmt":"2026-03-15T17:48:52","slug":"50-aniversario-celebra","status":"publish","type":"page","link":"https:\/\/golftorrequebrada.com\/es\/50-aniversario-celebra\/","title":{"rendered":"50-aniversario-celebra"},"content":{"rendered":"\t\t<div data-elementor-type=\"wp-page\" data-elementor-id=\"12019\" class=\"elementor elementor-12019\" data-elementor-post-type=\"page\">\n\t\t\t\t<div class=\"elementor-element elementor-element-8b31a0d e-con-full e-flex e-con e-parent\" data-id=\"8b31a0d\" data-element_type=\"container\" data-e-type=\"container\">\n\t\t<div class=\"elementor-element elementor-element-97bbd75 e-con-full e-flex e-con e-child\" data-id=\"97bbd75\" data-element_type=\"container\" data-e-type=\"container\" data-settings=\"{&quot;background_background&quot;:&quot;classic&quot;}\">\n\t\t\t\t<\/div>\n\t\t\t\t<\/div>\n\t\t\t\t<section class=\"elementor-section elementor-top-section elementor-element elementor-element-d2d766c elementor-section-full_width elementor-section-stretched elementor-hidden-desktop elementor-hidden-tablet elementor-hidden-mobile elementor-section-height-default elementor-section-height-default\" data-id=\"d2d766c\" data-element_type=\"section\" data-e-type=\"section\" data-settings=\"{&quot;stretch_section&quot;:&quot;section-stretched&quot;}\">\n\t\t\t\t\t\t<div class=\"elementor-container elementor-column-gap-no\">\n\t\t\t\t\t<div class=\"elementor-column elementor-col-100 elementor-top-column elementor-element elementor-element-9978dbc\" data-id=\"9978dbc\" data-element_type=\"column\" data-e-type=\"column\">\n\t\t\t<div class=\"elementor-widget-wrap\">\n\t\t\t\t\t\t\t<\/div>\n\t\t<\/div>\n\t\t\t\t\t<\/div>\n\t\t<\/section>\n\t\t\t\t<section class=\"elementor-section elementor-top-section elementor-element elementor-element-70eb91ea elementor-section-full_width elementor-section-content-middle elementor-section-stretched elementor-section-height-default elementor-section-height-default\" data-id=\"70eb91ea\" data-element_type=\"section\" data-e-type=\"section\" data-settings=\"{&quot;stretch_section&quot;:&quot;section-stretched&quot;}\">\n\t\t\t\t\t\t<div class=\"elementor-container elementor-column-gap-default\">\n\t\t\t\t\t<div class=\"elementor-column elementor-col-50 elementor-top-column elementor-element elementor-element-2573f543\" data-id=\"2573f543\" data-element_type=\"column\" data-e-type=\"column\">\n\t\t\t<div class=\"elementor-widget-wrap elementor-element-populated\">\n\t\t\t\t\t\t<div class=\"elementor-element elementor-element-50830769 elementor-widget elementor-widget-droplet_heading\" data-id=\"50830769\" data-element_type=\"widget\" data-e-type=\"widget\" data-widget_type=\"droplet_heading.default\">\n\t\t\t\t<div class=\"elementor-widget-container\">\n\t\t\t\t\t<h5 class=\"droplet-heading-tagline droplet-title\">Acomp\u00e1\u00f1anos el 30 de mayo de 2026<\/h5><h1 class=\"droplet-heading-title droplet-title droplet-size-default\">Celebra el 50\u00ba Aniversario con Nosotros<\/h1>\t\t\t\t<\/div>\n\t\t\t\t<\/div>\n\t\t\t\t<div class=\"elementor-element elementor-element-364f3bf4 elementor-widget elementor-widget-droplet_heading\" data-id=\"364f3bf4\" data-element_type=\"widget\" data-e-type=\"widget\" data-widget_type=\"droplet_heading.default\">\n\t\t\t\t<div class=\"elementor-widget-container\">\n\t\t\t\t\t<p class=\"droplet-heading-title droplet-desc droplet-size-default\"><span style=\"letter-spacing: 0px\">Medio siglo de juego, amistad y tradici\u00f3n merecen celebrarse. <\/span><br><br><span style=\"letter-spacing: 0px\">Has formado parte de esta historia y de nuestro desarrollo y queremos agradec\u00e9rtelo compartiendo una velada \u00fanica en la que<\/span><span style=\"letter-spacing: 0px\"> brindaremos juntos por el pasado y el futuro de Golf Torrequebrada.<\/span><\/p>\t\t\t\t<\/div>\n\t\t\t\t<\/div>\n\t\t\t\t\t<\/div>\n\t\t<\/div>\n\t\t\t\t<div class=\"elementor-column elementor-col-50 elementor-top-column elementor-element elementor-element-4cee5bef\" data-id=\"4cee5bef\" data-element_type=\"column\" data-e-type=\"column\">\n\t\t\t<div class=\"elementor-widget-wrap elementor-element-populated\">\n\t\t\t\t\t\t<div class=\"elementor-element elementor-element-2d166ab7 elementor-hidden-mobile elementor-widget__width-initial elementor-widget elementor-widget-image\" data-id=\"2d166ab7\" data-element_type=\"widget\" data-e-type=\"widget\" data-widget_type=\"image.default\">\n\t\t\t\t<div class=\"elementor-widget-container\">\n\t\t\t\t\t\t\t\t\t\t\t\t\t\t\t<img fetchpriority=\"high\" decoding=\"async\" width=\"1605\" height=\"1188\" src=\"https:\/\/golftorrequebrada.com\/wp-content\/uploads\/2026\/01\/desde-el-aire-50-aniversario-alto.jpg\" class=\"attachment-full size-full wp-image-11884\" alt=\"\" srcset=\"https:\/\/golftorrequebrada.com\/wp-content\/uploads\/2026\/01\/desde-el-aire-50-aniversario-alto.jpg 1605w, https:\/\/golftorrequebrada.com\/wp-content\/uploads\/2026\/01\/desde-el-aire-50-aniversario-alto-300x222.jpg 300w, https:\/\/golftorrequebrada.com\/wp-content\/uploads\/2026\/01\/desde-el-aire-50-aniversario-alto-1024x758.jpg 1024w, https:\/\/golftorrequebrada.com\/wp-content\/uploads\/2026\/01\/desde-el-aire-50-aniversario-alto-768x568.jpg 768w, https:\/\/golftorrequebrada.com\/wp-content\/uploads\/2026\/01\/desde-el-aire-50-aniversario-alto-1536x1137.jpg 1536w\" sizes=\"(max-width: 1605px) 100vw, 1605px\" \/>\t\t\t\t\t\t\t\t\t\t\t\t\t\t\t<\/div>\n\t\t\t\t<\/div>\n\t\t\t\t\t<\/div>\n\t\t<\/div>\n\t\t\t\t\t<\/div>\n\t\t<\/section>\n\t\t\t\t<section class=\"elementor-section elementor-top-section elementor-element elementor-element-6f8e0f09 elementor-section-full_width elementor-section-stretched elementor-section-height-default elementor-section-height-default\" data-id=\"6f8e0f09\" data-element_type=\"section\" data-e-type=\"section\" data-settings=\"{&quot;stretch_section&quot;:&quot;section-stretched&quot;,&quot;background_background&quot;:&quot;classic&quot;}\">\n\t\t\t\t\t\t<div class=\"elementor-container elementor-column-gap-default\">\n\t\t\t\t\t<div class=\"elementor-column elementor-col-100 elementor-top-column elementor-element elementor-element-399086b9\" data-id=\"399086b9\" data-element_type=\"column\" data-e-type=\"column\">\n\t\t\t<div class=\"elementor-widget-wrap elementor-element-populated\">\n\t\t\t\t\t\t<section class=\"elementor-section elementor-inner-section elementor-element elementor-element-5f24305a elementor-section-full_width elementor-section-height-default elementor-section-height-default\" data-id=\"5f24305a\" data-element_type=\"section\" data-e-type=\"section\">\n\t\t\t\t\t\t<div class=\"elementor-container elementor-column-gap-default\">\n\t\t\t\t\t<div class=\"elementor-column elementor-col-50 elementor-inner-column elementor-element elementor-element-24efd57\" data-id=\"24efd57\" data-element_type=\"column\" data-e-type=\"column\" data-settings=\"{&quot;background_background&quot;:&quot;classic&quot;}\">\n\t\t\t<div class=\"elementor-widget-wrap elementor-element-populated\">\n\t\t\t\t\t\t<div class=\"elementor-element elementor-element-1f971782 elementor-widget elementor-widget-droplet_heading\" data-id=\"1f971782\" data-element_type=\"widget\" data-e-type=\"widget\" data-widget_type=\"droplet_heading.default\">\n\t\t\t\t<div class=\"elementor-widget-container\">\n\t\t\t\t\t<h1 class=\"droplet-heading-title droplet-title droplet-size-default\">Programa <br>\n<\/h1><p class=\"droplet-heading-desc droplet-desc\"><strong>20:00 HORAS<\/strong><br>Recepci\u00f3n y Photocall<br><br>\n<strong>20:30 HORAS<\/strong><br>Cena-c\u00f3ctel de celebraci\u00f3n con m\u00fasica en vivo<br>\nC\u00f3digo de vestimenta: Smart Casual<\/p>\t\t\t\t<\/div>\n\t\t\t\t<\/div>\n\t\t\t\t<div class=\"elementor-element elementor-element-2839a338 elementor-align-left elementor-widget elementor-widget-droplet_button\" data-id=\"2839a338\" data-element_type=\"widget\" data-e-type=\"widget\" data-widget_type=\"droplet_button.default\">\n\t\t\t\t<div class=\"elementor-widget-container\">\n\t\t\t\t\t\t\t<div class=\"droplet-button-wrapper\">\n\t\t\t<a href=\"https:\/\/docs.google.com\/forms\/d\/e\/1FAIpQLSfrDxcZnSUxKF3GMOVXOVi3ay6brNhxB1FKZQTKWFLXeLJR4A\/viewform?usp=header\" class=\"droplet-button-link droplet-button elementor-size-md\" role=\"button\">\n\t\t\t\t\t\t<span class=\"droplet-button-content-wrapper align-items-center\">\n\t\t\t\t\t\t<span class=\"droplet-button-text\">CONFIRMA TU ASISTENCIA<\/span>\n\t\t<\/span>\n\t\t\t\t\t<\/a>\n\t\t<\/div>\n\t\t\t\t\t\t<\/div>\n\t\t\t\t<\/div>\n\t\t\t\t\t<\/div>\n\t\t<\/div>\n\t\t\t\t<div class=\"elementor-column elementor-col-50 elementor-inner-column elementor-element elementor-element-4097c6ce\" data-id=\"4097c6ce\" data-element_type=\"column\" data-e-type=\"column\">\n\t\t\t<div class=\"elementor-widget-wrap\">\n\t\t\t\t\t\t\t<\/div>\n\t\t<\/div>\n\t\t\t\t\t<\/div>\n\t\t<\/section>\n\t\t\t\t\t<\/div>\n\t\t<\/div>\n\t\t\t\t\t<\/div>\n\t\t<\/section>\n\t\t\t\t<section class=\"elementor-section elementor-top-section elementor-element elementor-element-ca91c9c elementor-section-full_width elementor-section-stretched elementor-section-height-default elementor-section-height-default\" data-id=\"ca91c9c\" data-element_type=\"section\" data-e-type=\"section\" data-settings=\"{&quot;stretch_section&quot;:&quot;section-stretched&quot;}\">\n\t\t\t\t\t\t<div class=\"elementor-container elementor-column-gap-default\">\n\t\t\t\t\t<div class=\"elementor-column elementor-col-33 elementor-top-column elementor-element elementor-element-2e4a63e8\" data-id=\"2e4a63e8\" data-element_type=\"column\" data-e-type=\"column\" data-settings=\"{&quot;background_background&quot;:&quot;classic&quot;}\">\n\t\t\t<div class=\"elementor-widget-wrap elementor-element-populated\">\n\t\t\t\t\t\t<div class=\"elementor-element elementor-element-d9328f3 droplet-flip-box-direction-up droplet-flip-box-effect-flip droplet-flip-box-3d-no elementor-widget elementor-widget-droplet_flip_box\" data-id=\"d9328f3\" data-element_type=\"widget\" data-e-type=\"widget\" data-widget_type=\"droplet_flip_box.default\">\n\t\t\t\t<div class=\"elementor-widget-container\">\n\t\t\t\t\t\n\t\t<div class=\"droplet-flip-box\">\n\t\t\t<!-- Front Side -->\n\t\t\t<div class=\"droplet-flip-box-layer droplet-flip-box-front\">\n\t\t\t\t<div class=\"droplet-flip-box-layer-overlay\">\n\t\t\t\t\t<div class=\"droplet-flip-box-layer-inner\">\n\n\t\t\t\t\t\t\n\t\t\t\t\t\t\n\t\t\t\t\t\t\t\t\t\t\t\t\t<h3 class=\"droplet-flip-box-layer-title droplet-title\">\n\t\t\t\t\t\t\t\tCASA CLUB E INSTALACIONES\t\t\t\t\t\t\t<\/h3>\n\t\t\t\t\t\t\n\t\t\t\t\t\t\t\t\t\t\t\t\t<div class=\"droplet-flip-box-layer-desc droplet-desc\">\n\t\t\t\t\t\t\t\tTodo lo que necesitas antes del evento.  <br> <br>  <strong> M\u00e1s info &gt;&gt;<\/strong>\t\t\t\t\t\t\t<\/div>\n\t\t\t\t\t\t\n\t\t\t\t\t<\/div>\n\t\t\t\t<\/div>\n\t\t\t<\/div>\n\n\t\t\t<!-- Back Side -->\n\t\t\t<div class=\"droplet-flip-box-layer droplet-flip-box-back\">\n\t\t\t\t<div class=\"droplet-flip-box-layer-overlay\">\n\t\t\t\t\t<div class=\"droplet-flip-box-layer-inner\">\n\n\t\t\t\t\t\t\n\t\t\t\t\t\t\t\t\t\t\t\t\t<h3 class=\"droplet-flip-box-layer-title droplet-title\">\n\t\t\t\t\t\t\t\tCASA CLUB E INSTALACIONES\t\t\t\t\t\t\t<\/h3>\n\t\t\t\t\t\t\n\t\t\t\t\t\t\t\t\t\t\t\t\t<div class=\"droplet-flip-box-layer-desc droplet-desc\">\n\t\t\t\t\t\t\t\tVestuarios con duchas y toallas, consigna, tienda de golf y restaurante.\t\t\t\t\t\t\t<\/div>\n\t\t\t\t\t\t\n\t\t\t\t\t\t\t\t\t\t\t\t\t<a class=\"droplet-button droplet-flip-box-button elementor-size-sm\" href=\"https:\/\/golftorrequebrada.com\/es\/casa-club\/\">\n\t\t\t\t\t\t\t\tExpl\u00f3ralas\t\t\t\t\t\t\t<\/a>\n\t\t\t\t\t\t\n\t\t\t\t\t<\/div>\n\t\t\t\t<\/div>\n\t\t\t<\/div>\n\n\t\t<\/div>\n\t\t\t\t\t\t<\/div>\n\t\t\t\t<\/div>\n\t\t\t\t\t<\/div>\n\t\t<\/div>\n\t\t\t\t<div class=\"elementor-column elementor-col-33 elementor-top-column elementor-element elementor-element-2e304c70\" data-id=\"2e304c70\" data-element_type=\"column\" data-e-type=\"column\" data-settings=\"{&quot;background_background&quot;:&quot;classic&quot;}\">\n\t\t\t<div class=\"elementor-widget-wrap elementor-element-populated\">\n\t\t\t\t\t\t<div class=\"elementor-element elementor-element-12f17a49 droplet-flip-box-direction-up droplet-flip-box-effect-flip droplet-flip-box-3d-no elementor-widget elementor-widget-droplet_flip_box\" data-id=\"12f17a49\" data-element_type=\"widget\" data-e-type=\"widget\" data-widget_type=\"droplet_flip_box.default\">\n\t\t\t\t<div class=\"elementor-widget-container\">\n\t\t\t\t\t\n\t\t<div class=\"droplet-flip-box\">\n\t\t\t<!-- Front Side -->\n\t\t\t<div class=\"droplet-flip-box-layer droplet-flip-box-front\">\n\t\t\t\t<div class=\"droplet-flip-box-layer-overlay\">\n\t\t\t\t\t<div class=\"droplet-flip-box-layer-inner\">\n\n\t\t\t\t\t\t\n\t\t\t\t\t\t\n\t\t\t\t\t\t\t\t\t\t\t\t\t<h3 class=\"droplet-flip-box-layer-title droplet-title\">\n\t\t\t\t\t\t\t\tHOTELES\t\t\t\t\t\t\t<\/h3>\n\t\t\t\t\t\t\n\t\t\t\t\t\t\t\t\t\t\t\t\t<div class=\"droplet-flip-box-layer-desc droplet-desc\">\n\t\t\t\t\t\t\t\t\u00bfBuscas alojamiento? <br> <br>  <strong> M\u00e1s info &gt;&gt;<\/strong>\t\t\t\t\t\t\t<\/div>\n\t\t\t\t\t\t\n\t\t\t\t\t<\/div>\n\t\t\t\t<\/div>\n\t\t\t<\/div>\n\n\t\t\t<!-- Back Side -->\n\t\t\t<div class=\"droplet-flip-box-layer droplet-flip-box-back\">\n\t\t\t\t<div class=\"droplet-flip-box-layer-overlay\">\n\t\t\t\t\t<div class=\"droplet-flip-box-layer-inner\">\n\n\t\t\t\t\t\t\n\t\t\t\t\t\t\t\t\t\t\t\t\t<h3 class=\"droplet-flip-box-layer-title droplet-title\">\n\t\t\t\t\t\t\t\tHOTELES\t\t\t\t\t\t\t<\/h3>\n\t\t\t\t\t\t\n\t\t\t\t\t\t\t\t\t\t\t\t\t<div class=\"droplet-flip-box-layer-desc droplet-desc\">\n\t\t\t\t\t\t\t\tBenalm\u00e1dena ofrece una gran variedad de opciones para tu estancia.\t\t\t\t\t\t\t<\/div>\n\t\t\t\t\t\t\n\t\t\t\t\t\t\t\t\t\t\t\t\t<a class=\"droplet-button droplet-flip-box-button elementor-size-sm\" href=\"https:\/\/turismo.benalmadena.es\/planes-por-benalmadena\/alojamientos\" target=\"_blank\" rel=\"noopener\">\n\t\t\t\t\t\t\t\tDESCUBRE LAS OPCIONES\t\t\t\t\t\t\t<\/a>\n\t\t\t\t\t\t\n\t\t\t\t\t<\/div>\n\t\t\t\t<\/div>\n\t\t\t<\/div>\n\n\t\t<\/div>\n\t\t\t\t\t\t<\/div>\n\t\t\t\t<\/div>\n\t\t\t\t\t<\/div>\n\t\t<\/div>\n\t\t\t\t<div class=\"elementor-column elementor-col-33 elementor-top-column elementor-element elementor-element-4a11af28\" data-id=\"4a11af28\" data-element_type=\"column\" data-e-type=\"column\" data-settings=\"{&quot;background_background&quot;:&quot;classic&quot;}\">\n\t\t\t<div class=\"elementor-widget-wrap elementor-element-populated\">\n\t\t\t\t\t\t<div class=\"elementor-element elementor-element-5ebe6748 droplet-flip-box-direction-up droplet-flip-box-effect-flip droplet-flip-box-3d-no elementor-widget elementor-widget-droplet_flip_box\" data-id=\"5ebe6748\" data-element_type=\"widget\" data-e-type=\"widget\" data-widget_type=\"droplet_flip_box.default\">\n\t\t\t\t<div class=\"elementor-widget-container\">\n\t\t\t\t\t\n\t\t<div class=\"droplet-flip-box\">\n\t\t\t<!-- Front Side -->\n\t\t\t<div class=\"droplet-flip-box-layer droplet-flip-box-front\">\n\t\t\t\t<div class=\"droplet-flip-box-layer-overlay\">\n\t\t\t\t\t<div class=\"droplet-flip-box-layer-inner\">\n\n\t\t\t\t\t\t\n\t\t\t\t\t\t\n\t\t\t\t\t\t\t\t\t\t\t\t\t<h3 class=\"droplet-flip-box-layer-title droplet-title\">\n\t\t\t\t\t\t\t\tDescubre la zona\t\t\t\t\t\t\t<\/h3>\n\t\t\t\t\t\t\n\t\t\t\t\t\t\t\t\t\t\t\t\t<div class=\"droplet-flip-box-layer-desc droplet-desc\">\n\t\t\t\t\t\t\t\t\u00bfQuieres hacer tu visita m\u00e1s completa?<br><br>  <strong> M\u00e1s info &gt;&gt;<\/strong>\t\t\t\t\t\t\t<\/div>\n\t\t\t\t\t\t\n\t\t\t\t\t<\/div>\n\t\t\t\t<\/div>\n\t\t\t<\/div>\n\n\t\t\t<!-- Back Side -->\n\t\t\t<div class=\"droplet-flip-box-layer droplet-flip-box-back\">\n\t\t\t\t<div class=\"droplet-flip-box-layer-overlay\">\n\t\t\t\t\t<div class=\"droplet-flip-box-layer-inner\">\n\n\t\t\t\t\t\t\n\t\t\t\t\t\t\t\t\t\t\t\t\t<h3 class=\"droplet-flip-box-layer-title droplet-title\">\n\t\t\t\t\t\t\t\tDescubre la zona\t\t\t\t\t\t\t<\/h3>\n\t\t\t\t\t\t\n\t\t\t\t\t\t\t\t\t\t\t\t\t<div class=\"droplet-flip-box-layer-desc droplet-desc\">\n\t\t\t\t\t\t\t\tBenalm\u00e1dena ofrece mucho m\u00e1s: mar, gastronom\u00eda, cultura y diversi\u00f3n.\t\t\t\t\t\t\t<\/div>\n\t\t\t\t\t\t\n\t\t\t\t\t\t\t\t\t\t\t\t\t<a class=\"droplet-button droplet-flip-box-button elementor-size-sm\" href=\"https:\/\/turismo.benalmadena.es\/planes-por-benalmadena\/oficina-de-turismo\" target=\"_blank\" rel=\"noopener\">\n\t\t\t\t\t\t\t\tVive Benalm\u00e1dena\t\t\t\t\t\t\t<\/a>\n\t\t\t\t\t\t\n\t\t\t\t\t<\/div>\n\t\t\t\t<\/div>\n\t\t\t<\/div>\n\n\t\t<\/div>\n\t\t\t\t\t\t<\/div>\n\t\t\t\t<\/div>\n\t\t\t\t\t<\/div>\n\t\t<\/div>\n\t\t\t\t\t<\/div>\n\t\t<\/section>\n\t\t<div class=\"elementor-element elementor-element-d100f0a e-flex e-con-boxed e-con e-parent\" data-id=\"d100f0a\" data-element_type=\"container\" data-e-type=\"container\">\n\t\t\t\t\t<div class=\"e-con-inner\">\n\t\t\t\t\t<\/div>\n\t\t\t\t<\/div>\n\t\t\t\t<\/div>\n\t\t","protected":false},"excerpt":{"rendered":"<p>Acomp\u00e1\u00f1anos el 30 de mayo de 2026 Celebra el 50\u00ba Aniversario con Nosotros Medio siglo de juego, amistad y tradici\u00f3n merecen celebrarse. Has formado parte de esta historia y de nuestro desarrollo y queremos agradec\u00e9rtelo compartiendo una velada \u00fanica en la que brindaremos juntos por el pasado y el futuro de Golf Torrequebrada. Programa 20:00 [&hellip;]<\/p>\n","protected":false},"author":1,"featured_media":0,"parent":0,"menu_order":0,"comment_status":"closed","ping_status":"closed","template":"page-fullwidth.php","meta":{"footnotes":""},"class_list":["post-12019","page","type-page","status-publish","hentry"],"_links":{"self":[{"href":"https:\/\/golftorrequebrada.com\/es\/wp-json\/wp\/v2\/pages\/12019","targetHints":{"allow":["GET"]}}],"collection":[{"href":"https:\/\/golftorrequebrada.com\/es\/wp-json\/wp\/v2\/pages"}],"about":[{"href":"https:\/\/golftorrequebrada.com\/es\/wp-json\/wp\/v2\/types\/page"}],"author":[{"embeddable":true,"href":"https:\/\/golftorrequebrada.com\/es\/wp-json\/wp\/v2\/users\/1"}],"replies":[{"embeddable":true,"href":"https:\/\/golftorrequebrada.com\/es\/wp-json\/wp\/v2\/comments?post=12019"}],"version-history":[{"count":52,"href":"https:\/\/golftorrequebrada.com\/es\/wp-json\/wp\/v2\/pages\/12019\/revisions"}],"predecessor-version":[{"id":12220,"href":"https:\/\/golftorrequebrada.com\/es\/wp-json\/wp\/v2\/pages\/12019\/revisions\/12220"}],"wp:attachment":[{"href":"https:\/\/golftorrequebrada.com\/es\/wp-json\/wp\/v2\/media?parent=12019"}],"curies":[{"name":"wp","href":"https:\/\/api.w.org\/{rel}","templated":true}]}}