{"id":8116,"date":"2024-03-22T11:16:15","date_gmt":"2024-03-22T10:16:15","guid":{"rendered":"https:\/\/golftorrequebrada.com\/\/casa-club\/"},"modified":"2026-01-28T15:51:24","modified_gmt":"2026-01-28T14:51:24","slug":"casa-club","status":"publish","type":"page","link":"https:\/\/golftorrequebrada.com\/es\/casa-club\/","title":{"rendered":"Casa Club"},"content":{"rendered":"\t\t<div data-elementor-type=\"wp-page\" data-elementor-id=\"8116\" class=\"elementor elementor-8116 elementor-4262\" data-elementor-post-type=\"page\">\n\t\t\t\t<div class=\"elementor-element elementor-element-0e7d6da e-con-full e-flex e-con e-parent\" data-id=\"0e7d6da\" data-element_type=\"container\" data-e-type=\"container\" data-settings=\"{&quot;background_background&quot;:&quot;classic&quot;}\">\n\t\t\t\t<\/div>\n\t\t\t\t<section class=\"elementor-section elementor-top-section elementor-element elementor-element-0e60bea elementor-section-full_width elementor-section-content-middle elementor-section-stretched elementor-section-height-min-height elementor-section-height-default elementor-section-items-middle\" data-id=\"0e60bea\" data-element_type=\"section\" data-e-type=\"section\" data-settings=\"{&quot;stretch_section&quot;:&quot;section-stretched&quot;,&quot;background_background&quot;:&quot;classic&quot;}\">\n\t\t\t\t\t\t<div class=\"elementor-container elementor-column-gap-default\">\n\t\t\t\t\t<div class=\"elementor-column elementor-col-50 elementor-top-column elementor-element elementor-element-90753f3\" data-id=\"90753f3\" data-element_type=\"column\" data-e-type=\"column\">\n\t\t\t<div class=\"elementor-widget-wrap elementor-element-populated\">\n\t\t\t\t\t\t<div class=\"elementor-element elementor-element-26b2ff7 elementor-widget elementor-widget-droplet_heading\" data-id=\"26b2ff7\" data-element_type=\"widget\" data-e-type=\"widget\" data-widget_type=\"droplet_heading.default\">\n\t\t\t\t<div class=\"elementor-widget-container\">\n\t\t\t\t\t<h6 class=\"droplet-heading-tagline droplet-title\">Casa Club<\/h6><h2 class=\"droplet-heading-title droplet-title droplet-size-default\">UN LUGAR PARA DISFRUTAR<\/h2>\t\t\t\t<\/div>\n\t\t\t\t<\/div>\n\t\t\t\t<div class=\"elementor-element elementor-element-b15f640 elementor-widget elementor-widget-droplet_heading\" data-id=\"b15f640\" data-element_type=\"widget\" data-e-type=\"widget\" data-widget_type=\"droplet_heading.default\">\n\t\t\t\t<div class=\"elementor-widget-container\">\n\t\t\t\t\t<p class=\"droplet-heading-title droplet-desc droplet-size-default\">Ad\u00e9ntrese en nuestra acogedora y luminosa <b>casa club<\/b>, donde ofrecemos experiencias \u00fanicas m\u00e1s all\u00e1 del golf.<br><br>\nEn el <b>bar-restaurante<\/b> podr\u00e1 disfrutar de las impresionantes vistas panor\u00e1micas desde la <b>terraza<\/b> al mar Mediterr\u00e1neo. <br><br>\nNuestra <b>tienda <\/b>cuenta con las mejores marcas y productos de golf. Disponemos de modernos <b>vestuarios<\/b> con taquillas y <b>consignas<\/b> para comodidad de quienes viajan entre el aeropuerto y el alojamiento. <\/p>\t\t\t\t<\/div>\n\t\t\t\t<\/div>\n\t\t\t\t<div class=\"elementor-element elementor-element-3492820 elementor-widget elementor-widget-droplet_button\" data-id=\"3492820\" data-element_type=\"widget\" data-e-type=\"widget\" data-widget_type=\"droplet_button.default\">\n\t\t\t\t<div class=\"elementor-widget-container\">\n\t\t\t\t\t\t\t<div class=\"droplet-button-wrapper\">\n\t\t\t<a href=\"https:\/\/golftorrequebrada.com\/es\/contacto\/\" target=\"_blank\" class=\"droplet-button-link droplet-button elementor-size-md\" role=\"button\">\n\t\t\t\t\t\t<span class=\"droplet-button-content-wrapper align-items-center\">\n\t\t\t\t\t\t<span class=\"droplet-button-text\">ESTAMOS AQUI PARA ATENDERLE<\/span>\n\t\t<\/span>\n\t\t\t\t\t<\/a>\n\t\t<\/div>\n\t\t\t\t\t\t<\/div>\n\t\t\t\t<\/div>\n\t\t\t\t\t<\/div>\n\t\t<\/div>\n\t\t\t\t<div class=\"elementor-column elementor-col-50 elementor-top-column elementor-element elementor-element-ff89fa4\" data-id=\"ff89fa4\" data-element_type=\"column\" data-e-type=\"column\">\n\t\t\t<div class=\"elementor-widget-wrap elementor-element-populated\">\n\t\t\t\t\t\t<section class=\"elementor-section elementor-inner-section elementor-element elementor-element-8203c22 elementor-section-boxed elementor-section-height-default elementor-section-height-default\" data-id=\"8203c22\" data-element_type=\"section\" data-e-type=\"section\">\n\t\t\t\t\t\t<div class=\"elementor-container elementor-column-gap-default\">\n\t\t\t\t\t<div class=\"elementor-column elementor-col-100 elementor-inner-column elementor-element elementor-element-cb84df6\" data-id=\"cb84df6\" data-element_type=\"column\" data-e-type=\"column\">\n\t\t\t<div class=\"elementor-widget-wrap elementor-element-populated\">\n\t\t\t\t\t\t<div class=\"elementor-element elementor-element-6c54fe4 elementor-widget elementor-widget-image\" data-id=\"6c54fe4\" data-element_type=\"widget\" data-e-type=\"widget\" data-widget_type=\"image.default\">\n\t\t\t\t<div class=\"elementor-widget-container\">\n\t\t\t\t\t\t\t\t\t\t\t\t\t\t\t<img fetchpriority=\"high\" decoding=\"async\" width=\"1024\" height=\"769\" src=\"https:\/\/golftorrequebrada.com\/wp-content\/uploads\/2024\/09\/club-house-beer-time-on-the-terrace-golf-torrequebrada.jpg\" class=\"attachment-full size-full wp-image-8074\" alt=\"\" srcset=\"https:\/\/golftorrequebrada.com\/wp-content\/uploads\/2024\/09\/club-house-beer-time-on-the-terrace-golf-torrequebrada.jpg 1024w, https:\/\/golftorrequebrada.com\/wp-content\/uploads\/2024\/09\/club-house-beer-time-on-the-terrace-golf-torrequebrada-300x225.jpg 300w, https:\/\/golftorrequebrada.com\/wp-content\/uploads\/2024\/09\/club-house-beer-time-on-the-terrace-golf-torrequebrada-768x577.jpg 768w\" sizes=\"(max-width: 1024px) 100vw, 1024px\" \/>\t\t\t\t\t\t\t\t\t\t\t\t\t\t\t<\/div>\n\t\t\t\t<\/div>\n\t\t\t\t\t<\/div>\n\t\t<\/div>\n\t\t\t\t\t<\/div>\n\t\t<\/section>\n\t\t\t\t\t<\/div>\n\t\t<\/div>\n\t\t\t\t\t<\/div>\n\t\t<\/section>\n\t\t\t\t<section class=\"elementor-section elementor-top-section elementor-element elementor-element-4dd25a8 elementor-section-full_width elementor-section-stretched elementor-section-height-default elementor-section-height-default\" data-id=\"4dd25a8\" data-element_type=\"section\" data-e-type=\"section\" data-settings=\"{&quot;stretch_section&quot;:&quot;section-stretched&quot;,&quot;background_background&quot;:&quot;classic&quot;}\">\n\t\t\t\t\t\t<div class=\"elementor-container elementor-column-gap-default\">\n\t\t\t\t\t<div class=\"elementor-column elementor-col-100 elementor-top-column elementor-element elementor-element-c984c62\" data-id=\"c984c62\" data-element_type=\"column\" data-e-type=\"column\">\n\t\t\t<div class=\"elementor-widget-wrap elementor-element-populated\">\n\t\t\t\t\t\t<section class=\"elementor-section elementor-inner-section elementor-element elementor-element-c077a48 elementor-section-full_width elementor-section-height-default elementor-section-height-default\" data-id=\"c077a48\" data-element_type=\"section\" data-e-type=\"section\">\n\t\t\t\t\t\t<div class=\"elementor-container elementor-column-gap-default\">\n\t\t\t\t\t<div class=\"elementor-column elementor-col-50 elementor-inner-column elementor-element elementor-element-d3618fb\" data-id=\"d3618fb\" data-element_type=\"column\" data-e-type=\"column\" data-settings=\"{&quot;background_background&quot;:&quot;classic&quot;}\">\n\t\t\t<div class=\"elementor-widget-wrap elementor-element-populated\">\n\t\t\t\t\t\t<div class=\"elementor-element elementor-element-0ca7e03 elementor-widget elementor-widget-droplet_heading\" data-id=\"0ca7e03\" data-element_type=\"widget\" data-e-type=\"widget\" data-widget_type=\"droplet_heading.default\">\n\t\t\t\t<div class=\"elementor-widget-container\">\n\t\t\t\t\t<h2 class=\"droplet-heading-title droplet-title droplet-size-default\">PROSHOP<\/h2><p class=\"droplet-heading-desc droplet-desc\">Visite nuestra <b>tienda<\/b> y eleve su juego con <b>accesorios<\/b> de alta calidad y<b> moda <\/b>elegante de marcas reconocidas como JLindeberg, Daily, Callaway, Titleist, FootJoy, Ecco, Bridgestone y Live Lucky. \n<br><br>\nEncuentre el <b>regalo<\/b> perfecto o un <b>art\u00edculo exclusivo<\/b> e impresiona con <b>ropa personalizada<\/b>.<br><br>\n\nEn nuestra tienda, adem\u00e1s de toallas, bolas, marcadores, gorras, polos y nuestra mascota \"Torqu\u00ed\", nuestro amable equipo est\u00e1 listo para ayudarle a encontrar el art\u00edculo perfecto para regalar o llevar de recuerdo. \n<\/p>\t\t\t\t<\/div>\n\t\t\t\t<\/div>\n\t\t\t\t<div class=\"elementor-element elementor-element-15f54d9 elementor-align-left elementor-widget elementor-widget-droplet_button\" data-id=\"15f54d9\" data-element_type=\"widget\" data-e-type=\"widget\" data-widget_type=\"droplet_button.default\">\n\t\t\t\t<div class=\"elementor-widget-container\">\n\t\t\t\t\t\t\t<div class=\"droplet-button-wrapper\">\n\t\t\t<a href=\"https:\/\/open.teeone.golf\/es\/torrequebrada\" target=\"_blank\" class=\"droplet-button-link droplet-button elementor-size-md\" role=\"button\">\n\t\t\t\t\t\t<span class=\"droplet-button-content-wrapper align-items-center\">\n\t\t\t\t\t\t<span class=\"droplet-button-text\">COMPRE UN BONO DE REGALO<\/span>\n\t\t<\/span>\n\t\t\t\t\t<\/a>\n\t\t<\/div>\n\t\t\t\t\t\t<\/div>\n\t\t\t\t<\/div>\n\t\t\t\t\t<\/div>\n\t\t<\/div>\n\t\t\t\t<div class=\"elementor-column elementor-col-50 elementor-inner-column elementor-element elementor-element-077b063\" data-id=\"077b063\" data-element_type=\"column\" data-e-type=\"column\">\n\t\t\t<div class=\"elementor-widget-wrap\">\n\t\t\t\t\t\t\t<\/div>\n\t\t<\/div>\n\t\t\t\t\t<\/div>\n\t\t<\/section>\n\t\t\t\t\t<\/div>\n\t\t<\/div>\n\t\t\t\t\t<\/div>\n\t\t<\/section>\n\t\t\t\t<section class=\"elementor-section elementor-top-section elementor-element elementor-element-34a056d elementor-section-full_width elementor-section-content-middle elementor-section-stretched elementor-section-height-default elementor-section-height-default\" data-id=\"34a056d\" data-element_type=\"section\" data-e-type=\"section\" data-settings=\"{&quot;stretch_section&quot;:&quot;section-stretched&quot;,&quot;background_background&quot;:&quot;classic&quot;}\">\n\t\t\t\t\t\t<div class=\"elementor-container elementor-column-gap-default\">\n\t\t\t\t\t<div class=\"elementor-column elementor-col-50 elementor-top-column elementor-element elementor-element-cf385f9\" data-id=\"cf385f9\" data-element_type=\"column\" data-e-type=\"column\" data-settings=\"{&quot;background_background&quot;:&quot;classic&quot;}\">\n\t\t\t<div class=\"elementor-widget-wrap elementor-element-populated\">\n\t\t\t\t\t\t<section class=\"elementor-section elementor-inner-section elementor-element elementor-element-936afed elementor-section-full_width elementor-section-height-default elementor-section-height-default\" data-id=\"936afed\" data-element_type=\"section\" data-e-type=\"section\">\n\t\t\t\t\t\t<div class=\"elementor-container elementor-column-gap-default\">\n\t\t\t\t\t<div class=\"elementor-column elementor-col-100 elementor-inner-column elementor-element elementor-element-bef06bc\" data-id=\"bef06bc\" data-element_type=\"column\" data-e-type=\"column\">\n\t\t\t<div class=\"elementor-widget-wrap elementor-element-populated\">\n\t\t\t\t\t\t<div class=\"elementor-element elementor-element-776b951 elementor-widget elementor-widget-spacer\" data-id=\"776b951\" data-element_type=\"widget\" data-e-type=\"widget\" data-widget_type=\"spacer.default\">\n\t\t\t\t<div class=\"elementor-widget-container\">\n\t\t\t\t\t\t\t<div class=\"elementor-spacer\">\n\t\t\t<div class=\"elementor-spacer-inner\"><\/div>\n\t\t<\/div>\n\t\t\t\t\t\t<\/div>\n\t\t\t\t<\/div>\n\t\t\t\t\t<\/div>\n\t\t<\/div>\n\t\t\t\t\t<\/div>\n\t\t<\/section>\n\t\t\t\t\t<\/div>\n\t\t<\/div>\n\t\t\t\t<div class=\"elementor-column elementor-col-50 elementor-top-column elementor-element elementor-element-bff985f\" data-id=\"bff985f\" data-element_type=\"column\" data-e-type=\"column\">\n\t\t\t<div class=\"elementor-widget-wrap elementor-element-populated\">\n\t\t\t\t\t\t<div class=\"elementor-element elementor-element-975c115 elementor-widget elementor-widget-droplet_heading\" data-id=\"975c115\" data-element_type=\"widget\" data-e-type=\"widget\" data-widget_type=\"droplet_heading.default\">\n\t\t\t\t<div class=\"elementor-widget-container\">\n\t\t\t\t\t<h6 class=\"droplet-heading-tagline droplet-title\">Descubre los cinco sentidos<\/h6><h2 class=\"droplet-heading-title droplet-title droplet-size-default\">RESTAURANTE &amp; BAR<\/h2><p class=\"droplet-heading-desc droplet-desc\">\u00a1Venga y d\u00e9jese sorprender por nuestros sabores y un entorno \u00fanico!<br><br>\n\nAntes o despu\u00e9s del juego, reg\u00e1lese un momento de serenidad en nuestra <b>terraza<\/b> con sus impresionantes vistas. Disfrute de una bebida fr\u00eda mientras observe a los jugadores en el hoyo 18.<br><br>\n\nNuestro <b>restaurante<\/b> abre todo el a\u00f1o a partir de las 8 de la ma\u00f1ana, ofreciendo <b>desayunos<\/b>, <b>almuerzos<\/b>, <b>aperitivos<\/b> y cocina internacional <b>a la carta<\/b>. Durante el juego, nuestro <b>buggy bar<\/b> y <b>Halfway House<\/b> en el tee del hoyo 11 le mantendr\u00e1n lleno de energ\u00eda.\n<br><br>\nGolfistas o no, todos son bienvenidos a disfrutar de nuestra experiencia gastron\u00f3mica.<\/p>\t\t\t\t<\/div>\n\t\t\t\t<\/div>\n\t\t\t\t<div class=\"elementor-element elementor-element-0c500e0 elementor-widget elementor-widget-droplet_button\" data-id=\"0c500e0\" data-element_type=\"widget\" data-e-type=\"widget\" data-widget_type=\"droplet_button.default\">\n\t\t\t\t<div class=\"elementor-widget-container\">\n\t\t\t\t\t\t\t<div class=\"droplet-button-wrapper\">\n\t\t\t<a href=\"https:\/\/golftorrequebrada.com\/wp-content\/uploads\/2026\/01\/Carta-Menu-Restaurante-Golf-Torrequebrada-2026.pdf\" target=\"_blank\" class=\"droplet-button-link droplet-button elementor-size-md\" role=\"button\">\n\t\t\t\t\t\t<span class=\"droplet-button-content-wrapper align-items-center\">\n\t\t\t\t\t\t<span class=\"droplet-button-text\">EXPLORE NUESTRO MENU<\/span>\n\t\t<\/span>\n\t\t\t\t\t<\/a>\n\t\t<\/div>\n\t\t\t\t\t\t<\/div>\n\t\t\t\t<\/div>\n\t\t\t\t\t<\/div>\n\t\t<\/div>\n\t\t\t\t\t<\/div>\n\t\t<\/section>\n\t\t\t\t<section class=\"elementor-section elementor-top-section elementor-element elementor-element-42ab1e9 elementor-section-boxed elementor-section-height-default elementor-section-height-default\" data-id=\"42ab1e9\" data-element_type=\"section\" data-e-type=\"section\">\n\t\t\t\t\t\t<div class=\"elementor-container elementor-column-gap-default\">\n\t\t\t\t\t<div class=\"elementor-column elementor-col-50 elementor-top-column elementor-element elementor-element-c26056d\" data-id=\"c26056d\" data-element_type=\"column\" data-e-type=\"column\">\n\t\t\t<div class=\"elementor-widget-wrap elementor-element-populated\">\n\t\t\t\t\t\t<div class=\"elementor-element elementor-element-108e4b2 elementor-widget elementor-widget-image\" data-id=\"108e4b2\" data-element_type=\"widget\" data-e-type=\"widget\" data-widget_type=\"image.default\">\n\t\t\t\t<div class=\"elementor-widget-container\">\n\t\t\t\t\t\t\t\t\t\t\t\t\t\t\t<img decoding=\"async\" width=\"1024\" height=\"683\" src=\"https:\/\/golftorrequebrada.com\/wp-content\/uploads\/2024\/10\/eventos-incentivos-conferencias-reuniones-golf-torrequebrada-restaurante.jpg\" class=\"attachment-large size-large wp-image-10458\" alt=\"\" srcset=\"https:\/\/golftorrequebrada.com\/wp-content\/uploads\/2024\/10\/eventos-incentivos-conferencias-reuniones-golf-torrequebrada-restaurante.jpg 1024w, https:\/\/golftorrequebrada.com\/wp-content\/uploads\/2024\/10\/eventos-incentivos-conferencias-reuniones-golf-torrequebrada-restaurante-300x200.jpg 300w, https:\/\/golftorrequebrada.com\/wp-content\/uploads\/2024\/10\/eventos-incentivos-conferencias-reuniones-golf-torrequebrada-restaurante-768x512.jpg 768w\" sizes=\"(max-width: 1024px) 100vw, 1024px\" \/>\t\t\t\t\t\t\t\t\t\t\t\t\t\t\t<\/div>\n\t\t\t\t<\/div>\n\t\t\t\t\t<\/div>\n\t\t<\/div>\n\t\t\t\t<div class=\"elementor-column elementor-col-50 elementor-top-column elementor-element elementor-element-7f3cd35\" data-id=\"7f3cd35\" data-element_type=\"column\" data-e-type=\"column\" data-settings=\"{&quot;background_background&quot;:&quot;classic&quot;}\">\n\t\t\t<div class=\"elementor-widget-wrap elementor-element-populated\">\n\t\t\t\t\t\t<div class=\"elementor-element elementor-element-4043fe5 elementor-widget__width-initial elementor-widget elementor-widget-droplet_heading\" data-id=\"4043fe5\" data-element_type=\"widget\" data-e-type=\"widget\" data-widget_type=\"droplet_heading.default\">\n\t\t\t\t<div class=\"elementor-widget-container\">\n\t\t\t\t\t<h5 class=\"droplet-heading-tagline droplet-title\">Convierte su idea en realidad<\/h5><h2 class=\"droplet-heading-title droplet-title droplet-size-default\">EVENTOS &amp; REUNIONES<\/h2><p class=\"droplet-heading-desc droplet-desc\">Adem\u00e1s de nuestra maravillosa <b>terraza exterior<\/b>, nuestro <b>amplio jard\u00edn<\/b> para 400 personas y nuestro elegante <b>sal\u00f3n interior <\/b>para 180, son espacios ideales para cualquier ocasi\u00f3n. <br><br>\nOfrecemos planes personalizados que se ajustan a todos los presupuestos, perfectos para <b>eventos deportivos, culturales, bodas, bautismos, comuniones y fiestas privadas<\/b>. <br><br>\nNuestro  <b>sal\u00f3n de reuniones y conferencias<\/b>, equipada con tecnolog\u00eda audiovisual, es el lugar ideal para reunirse con <b>empleados, proveedores y clientes<\/b>.<br> <br>\n\u00bfPor qu\u00e9 no combinar un <b>almuerzo de trabajo<\/b> o una <b>celebraci\u00f3n<\/b> con una ronda de golf?<\/p>\t\t\t\t<\/div>\n\t\t\t\t<\/div>\n\t\t\t\t<div class=\"elementor-element elementor-element-e874d1a elementor-widget elementor-widget-droplet_button\" data-id=\"e874d1a\" data-element_type=\"widget\" data-e-type=\"widget\" data-widget_type=\"droplet_button.default\">\n\t\t\t\t<div class=\"elementor-widget-container\">\n\t\t\t\t\t\t\t<div class=\"droplet-button-wrapper\">\n\t\t\t<a href=\"https:\/\/golftorrequebrada.com\/es\/contacto\/\" target=\"_blank\" class=\"droplet-button-link droplet-button elementor-size-md\" role=\"button\">\n\t\t\t\t\t\t<span class=\"droplet-button-content-wrapper align-items-center\">\n\t\t\t\t\t\t<span class=\"droplet-button-text\">CELEBRE SU EVENTO CON NOSOTROS<\/span>\n\t\t<\/span>\n\t\t\t\t\t<\/a>\n\t\t<\/div>\n\t\t\t\t\t\t<\/div>\n\t\t\t\t<\/div>\n\t\t\t\t\t<\/div>\n\t\t<\/div>\n\t\t\t\t\t<\/div>\n\t\t<\/section>\n\t\t\t\t<\/div>\n\t\t","protected":false},"excerpt":{"rendered":"<p>Casa Club UN LUGAR PARA DISFRUTAR Ad\u00e9ntrese en nuestra acogedora y luminosa casa club, donde ofrecemos experiencias \u00fanicas m\u00e1s all\u00e1 del golf. En el bar-restaurante podr\u00e1 disfrutar de las impresionantes vistas panor\u00e1micas desde la terraza al mar Mediterr\u00e1neo. Nuestra tienda cuenta con las mejores marcas y productos de golf. Disponemos de modernos vestuarios con taquillas [&hellip;]<\/p>\n","protected":false},"author":1,"featured_media":0,"parent":0,"menu_order":0,"comment_status":"closed","ping_status":"closed","template":"page-fullwidth.php","meta":{"footnotes":""},"class_list":["post-8116","page","type-page","status-publish","hentry"],"_links":{"self":[{"href":"https:\/\/golftorrequebrada.com\/es\/wp-json\/wp\/v2\/pages\/8116","targetHints":{"allow":["GET"]}}],"collection":[{"href":"https:\/\/golftorrequebrada.com\/es\/wp-json\/wp\/v2\/pages"}],"about":[{"href":"https:\/\/golftorrequebrada.com\/es\/wp-json\/wp\/v2\/types\/page"}],"author":[{"embeddable":true,"href":"https:\/\/golftorrequebrada.com\/es\/wp-json\/wp\/v2\/users\/1"}],"replies":[{"embeddable":true,"href":"https:\/\/golftorrequebrada.com\/es\/wp-json\/wp\/v2\/comments?post=8116"}],"version-history":[{"count":12,"href":"https:\/\/golftorrequebrada.com\/es\/wp-json\/wp\/v2\/pages\/8116\/revisions"}],"predecessor-version":[{"id":11927,"href":"https:\/\/golftorrequebrada.com\/es\/wp-json\/wp\/v2\/pages\/8116\/revisions\/11927"}],"wp:attachment":[{"href":"https:\/\/golftorrequebrada.com\/es\/wp-json\/wp\/v2\/media?parent=8116"}],"curies":[{"name":"wp","href":"https:\/\/api.w.org\/{rel}","templated":true}]}}