{"id":8137,"date":"2024-05-01T10:43:50","date_gmt":"2024-05-01T08:43:50","guid":{"rendered":"https:\/\/golftorrequebrada.com\/\/politica-de-privacidad\/"},"modified":"2024-09-16T18:15:03","modified_gmt":"2024-09-16T16:15:03","slug":"politica-de-privacidad","status":"publish","type":"page","link":"https:\/\/golftorrequebrada.com\/es\/politica-de-privacidad\/","title":{"rendered":"Pol\u00edtica de privacidad"},"content":{"rendered":"\t\t<div data-elementor-type=\"wp-page\" data-elementor-id=\"8137\" class=\"elementor elementor-8137 elementor-4843\" data-elementor-post-type=\"page\">\n\t\t\t\t<div class=\"elementor-element elementor-element-0e7d6da e-con-full e-flex e-con e-parent\" data-id=\"0e7d6da\" data-element_type=\"container\" data-e-type=\"container\" data-settings=\"{&quot;background_background&quot;:&quot;classic&quot;}\">\n\t\t\t\t<div class=\"elementor-element elementor-element-62af69a elementor-widget elementor-widget-heading\" data-id=\"62af69a\" data-element_type=\"widget\" data-e-type=\"widget\" data-widget_type=\"heading.default\">\n\t\t\t\t<div class=\"elementor-widget-container\">\n\t\t\t\t\t<h1 class=\"elementor-heading-title elementor-size-default\">Pol\u00edtica de privacidad<\/h1>\t\t\t\t<\/div>\n\t\t\t\t<\/div>\n\t\t\t\t<\/div>\n\t\t\t\t<section class=\"elementor-section elementor-top-section elementor-element elementor-element-0e60bea elementor-section-full_width elementor-section-content-middle elementor-section-stretched elementor-reverse-mobile elementor-section-height-min-height elementor-section-height-default elementor-section-items-middle\" data-id=\"0e60bea\" data-element_type=\"section\" data-e-type=\"section\" data-settings=\"{&quot;stretch_section&quot;:&quot;section-stretched&quot;,&quot;background_background&quot;:&quot;classic&quot;}\">\n\t\t\t\t\t\t<div class=\"elementor-container elementor-column-gap-default\">\n\t\t\t\t\t<div class=\"elementor-column elementor-col-100 elementor-top-column elementor-element elementor-element-90753f3\" data-id=\"90753f3\" data-element_type=\"column\" data-e-type=\"column\">\n\t\t\t<div class=\"elementor-widget-wrap elementor-element-populated\">\n\t\t\t\t\t\t<div class=\"elementor-element elementor-element-26b2ff7 elementor-widget elementor-widget-droplet_heading\" data-id=\"26b2ff7\" data-element_type=\"widget\" data-e-type=\"widget\" data-widget_type=\"droplet_heading.default\">\n\t\t\t\t<div class=\"elementor-widget-container\">\n\t\t\t\t\t<h3 class=\"droplet-heading-title droplet-title droplet-size-default\"><b>P\u00d3LITICA DE PRIVACIDAD<\/b>\n\n\n<\/h3>\t\t\t\t<\/div>\n\t\t\t\t<\/div>\n\t\t\t\t<div class=\"elementor-element elementor-element-b15f640 elementor-widget elementor-widget-droplet_heading\" data-id=\"b15f640\" data-element_type=\"widget\" data-e-type=\"widget\" data-widget_type=\"droplet_heading.default\">\n\t\t\t\t<div class=\"elementor-widget-container\">\n\t\t\t\t\t<p class=\"droplet-heading-title droplet-desc droplet-size-default\">GOLF CLUB COSTA DEL SOL S.A. (la \u201cEmpresa\u201d) es una Organizaci\u00f3n en la que se dan actividades de tratamientos de datos de car\u00e1cter personal, lo que le atribuye una importante responsabilidad en el dise\u00f1o y organizaci\u00f3n de procedimientos de modo que est\u00e9n alineados con el cumplimiento legal en esta materia.\n<br>\nEn el ejercicio de estas responsabilidades y con el objeto de establecer los principios generales que deben regir el tratamiento de los datos de car\u00e1cter personal en la Empresa, aprueba esta Pol\u00edtica de protecci\u00f3n de datos de car\u00e1cter personal, que notifica a sus Empleados y pone a disposici\u00f3n de todos sus grupos de Inter\u00e9s.<\/p>\t\t\t\t<\/div>\n\t\t\t\t<\/div>\n\t\t\t\t\t<\/div>\n\t\t<\/div>\n\t\t\t\t\t<\/div>\n\t\t<\/section>\n\t\t\t\t<section class=\"elementor-section elementor-top-section elementor-element elementor-element-379dc86 elementor-section-full_width elementor-section-content-middle elementor-section-stretched elementor-reverse-mobile elementor-section-height-min-height elementor-section-height-default elementor-section-items-middle\" data-id=\"379dc86\" data-element_type=\"section\" data-e-type=\"section\" data-settings=\"{&quot;stretch_section&quot;:&quot;section-stretched&quot;,&quot;background_background&quot;:&quot;classic&quot;}\">\n\t\t\t\t\t\t<div class=\"elementor-container elementor-column-gap-default\">\n\t\t\t\t\t<div class=\"elementor-column elementor-col-100 elementor-top-column elementor-element elementor-element-2ccf402\" data-id=\"2ccf402\" data-element_type=\"column\" data-e-type=\"column\">\n\t\t\t<div class=\"elementor-widget-wrap elementor-element-populated\">\n\t\t\t\t\t\t<div class=\"elementor-element elementor-element-07ec403 elementor-widget elementor-widget-droplet_heading\" data-id=\"07ec403\" data-element_type=\"widget\" data-e-type=\"widget\" data-widget_type=\"droplet_heading.default\">\n\t\t\t\t<div class=\"elementor-widget-container\">\n\t\t\t\t\t<h3 class=\"droplet-heading-title droplet-title droplet-size-default\"><b>1. Finalidad<\/b><\/h3>\t\t\t\t<\/div>\n\t\t\t\t<\/div>\n\t\t\t\t<div class=\"elementor-element elementor-element-e809bf8 elementor-widget elementor-widget-droplet_heading\" data-id=\"e809bf8\" data-element_type=\"widget\" data-e-type=\"widget\" data-widget_type=\"droplet_heading.default\">\n\t\t\t\t<div class=\"elementor-widget-container\">\n\t\t\t\t\t<p class=\"droplet-heading-title droplet-desc droplet-size-default\">La Pol\u00edtica de protecci\u00f3n de datos de car\u00e1cter personal es una medida de Responsabilidad proactiva que tiene la finalidad de asegurar el cumplimiento de la legislaci\u00f3n aplicable en esta materia y relaci\u00f3n a \u00e9sta, el respeto del derecho al honor y a la intimidad en el tratamiento de los datos de car\u00e1cter personal de todas las personas que se relacionan con La Empresa. En desarrollo de lo dispuesto en esta Pol\u00edtica de protecci\u00f3n de datos de car\u00e1cter personal, se establecen cu\u00e1les son los Principios que rigen el tratamiento de datos en la organizaci\u00f3n y en consecuencia, los procedimientos, y las medidas organizativas y de seguridad que las personas afectadas por esta Pol\u00edtica se comprometen a implementar en su \u00e1mbito de responsabilidad. Con este fin la Direcci\u00f3n asignar\u00e1 las responsabilidades al personal que participa en las operaciones de tratamiento de datos.<\/p>\t\t\t\t<\/div>\n\t\t\t\t<\/div>\n\t\t\t\t\t<\/div>\n\t\t<\/div>\n\t\t\t\t\t<\/div>\n\t\t<\/section>\n\t\t\t\t<section class=\"elementor-section elementor-top-section elementor-element elementor-element-43067f2 elementor-section-full_width elementor-section-content-middle elementor-section-stretched elementor-reverse-mobile elementor-section-height-min-height elementor-section-height-default elementor-section-items-middle\" data-id=\"43067f2\" data-element_type=\"section\" data-e-type=\"section\" data-settings=\"{&quot;stretch_section&quot;:&quot;section-stretched&quot;,&quot;background_background&quot;:&quot;classic&quot;}\">\n\t\t\t\t\t\t<div class=\"elementor-container elementor-column-gap-default\">\n\t\t\t\t\t<div class=\"elementor-column elementor-col-100 elementor-top-column elementor-element elementor-element-dcb8454\" data-id=\"dcb8454\" data-element_type=\"column\" data-e-type=\"column\">\n\t\t\t<div class=\"elementor-widget-wrap elementor-element-populated\">\n\t\t\t\t\t\t<div class=\"elementor-element elementor-element-880db22 elementor-widget elementor-widget-droplet_heading\" data-id=\"880db22\" data-element_type=\"widget\" data-e-type=\"widget\" data-widget_type=\"droplet_heading.default\">\n\t\t\t\t<div class=\"elementor-widget-container\">\n\t\t\t\t\t<h3 class=\"droplet-heading-title droplet-title droplet-size-default\"><b>2. \u00c1mbito de aplicaci\u00f3n<\/b>\n\n\n<\/h3>\t\t\t\t<\/div>\n\t\t\t\t<\/div>\n\t\t\t\t<div class=\"elementor-element elementor-element-1958609 elementor-widget elementor-widget-droplet_heading\" data-id=\"1958609\" data-element_type=\"widget\" data-e-type=\"widget\" data-widget_type=\"droplet_heading.default\">\n\t\t\t\t<div class=\"elementor-widget-container\">\n\t\t\t\t\t<p class=\"droplet-heading-title droplet-desc droplet-size-default\">Esta Pol\u00edtica de protecci\u00f3n de datos de car\u00e1cter personal ser\u00e1 de aplicaci\u00f3n a la Empresa, a sus administradores, directivos y empleados, as\u00ed como a todas las personas que se relacionen con ella, con inclusi\u00f3n expresa de los proveedores de servicio con acceso a datos (\u201cEncargados del tratamiento\u201d)<\/p>\t\t\t\t<\/div>\n\t\t\t\t<\/div>\n\t\t\t\t\t<\/div>\n\t\t<\/div>\n\t\t\t\t\t<\/div>\n\t\t<\/section>\n\t\t\t\t<section class=\"elementor-section elementor-top-section elementor-element elementor-element-2dcdfb6 elementor-section-full_width elementor-section-content-middle elementor-section-stretched elementor-reverse-mobile elementor-section-height-min-height elementor-section-height-default elementor-section-items-middle\" data-id=\"2dcdfb6\" data-element_type=\"section\" data-e-type=\"section\" data-settings=\"{&quot;stretch_section&quot;:&quot;section-stretched&quot;,&quot;background_background&quot;:&quot;classic&quot;}\">\n\t\t\t\t\t\t<div class=\"elementor-container elementor-column-gap-default\">\n\t\t\t\t\t<div class=\"elementor-column elementor-col-100 elementor-top-column elementor-element elementor-element-d937ace\" data-id=\"d937ace\" data-element_type=\"column\" data-e-type=\"column\">\n\t\t\t<div class=\"elementor-widget-wrap elementor-element-populated\">\n\t\t\t\t\t\t<div class=\"elementor-element elementor-element-a57b7ca elementor-widget elementor-widget-droplet_heading\" data-id=\"a57b7ca\" data-element_type=\"widget\" data-e-type=\"widget\" data-widget_type=\"droplet_heading.default\">\n\t\t\t\t<div class=\"elementor-widget-container\">\n\t\t\t\t\t<h3 class=\"droplet-heading-title droplet-title droplet-size-default\"><b>3. Principios del tratamiento de los datos de car\u00e1cter personal<\/b><\/h3>\t\t\t\t<\/div>\n\t\t\t\t<\/div>\n\t\t\t\t<div class=\"elementor-element elementor-element-3cd32a8 elementor-widget elementor-widget-droplet_heading\" data-id=\"3cd32a8\" data-element_type=\"widget\" data-e-type=\"widget\" data-widget_type=\"droplet_heading.default\">\n\t\t\t\t<div class=\"elementor-widget-container\">\n\t\t\t\t\t<p class=\"droplet-heading-title droplet-desc droplet-size-default\">Como principio general, La Empresa cumplir\u00e1 escrupulosamente con la legislaci\u00f3n en materia de protecci\u00f3n de datos de car\u00e1cter personal y debe ser capaz de demostrarlo (Principio de \u00abresponsabilidad proactiva\u00bb), prestando especial atenci\u00f3n a aquellos tratamientos que puedan suponer un mayor riesgo para los derechos de los afectados (Principio de \u00abenfoque de riesgo\u00bb).\n<br>\nEn relaci\u00f3n a lo expuesto GOLF CLUB COSTA DEL SOL S.A. velar\u00e1 por el cumplimiento de los siguientes Principios:<br>\n\u2192 <i>Licitud, lealtad, transparencia y limitaci\u00f3n de la finalidad.<\/i> El tratamiento de datos siempre deber\u00e1 ser informado al afectado, mediante cl\u00e1usulas y otros procedimientos; y s\u00f3lo se considerar\u00e1 leg\u00edtimo si hay consentimiento para el tratamiento de datos (con especial atenci\u00f3n al prestado por los menores de edad), o cuenta con otra legitimaci\u00f3n v\u00e1lida y la finalidad del mismo es acorde a Normativa.<br>\n\u2192 <i>Minimizaci\u00f3n de datos.<\/i> Los datos tratados deber\u00e1n ser adecuados, pertinentes y limitados a lo necesario en relaci\u00f3n a los fines del tratamiento.<br>\n\u2192<i> Exactitud<\/i>. Los datos deber\u00e1n ser exactos y, si fuera necesarios, actualizados. A este respecto se adoptar\u00e1n las medidas necesarias para que se supriman o rectifiquen sin dilaci\u00f3n los datos personales que sean inexactos con respecto a los fines del tratamiento.<br>\n\u2192 <i>Limitaci\u00f3n del plazo de conservaci\u00f3n.<\/i> Los datos ser\u00e1n mantenidos de forma que se permita la identificaci\u00f3n de los interesados durante no m\u00e1s tiempo del necesario para los fines del tratamiento.<br>\n\u2192 <i>Integridad y Confidencialidad.<\/i> Los datos ser\u00e1n tratados de tal manera que se garantice una seguridad adecuada de los datos personales, incluida la protecci\u00f3n contra el tratamiento no autorizado o il\u00edcito y contra su p\u00e9rdida, destrucci\u00f3n o da\u00f1o accidental, mediante la aplicaci\u00f3n de las medidas t\u00e9cnicas u organizativas apropiadas.<br>\n\u2192 <i>Cesiones de datos.<\/i> Queda prohibida la compra u obtenci\u00f3n de datos de car\u00e1cter personal de fuentes ileg\u00edtimas o en aquellos casos en los que dichos datos hayan sido recabados o cedidos contraviniendo la ley o no se garantice suficientemente su leg\u00edtima procedencia.<br>\n\u2192 <i>Contrataci\u00f3n de proveedores con acceso a datos<\/i>. S\u00f3lo se elegir\u00e1n para su contrataci\u00f3n a proveedores que ofrezcan garant\u00edas suficientes para aplicar medidas t\u00e9cnicas y de\nseguridad apropiadas en el tratamiento de datos. Con estos terceros se documentar\u00e1 el debido Acuerdo a este respecto.<br>\n\u2192 <i>Transferencias internacionales de datos<\/i>. Todo tratamiento de datos de car\u00e1cter personal sujeto a normativa de la Uni\u00f3n Europea que implique una transferencia de datos fuera del Espacio Econ\u00f3mico Europeo deber\u00e1 llevarse a cabo con estricto cumplimiento de los requisitos establecidos en la ley aplicable<br>\n\u2192 <i>Derechos de los afectados<\/i>. La Empresa facilitar\u00e1 a los afectados el ejercicio de los derechos de acceso, rectificaci\u00f3n, supresi\u00f3n, limitaci\u00f3n del tratamiento, oposici\u00f3n y portabilidad, estableciendo a tal efecto los procedimientos internos, y en particular los modelos para su ejercicio que resulten necesarios y oportunos, los cuales deber\u00e1n satisfacer, al menos, los requisitos legales aplicables en cada caso\n<br>\nLa Empresa promover\u00e1 que los principios recogidos en esta Pol\u00edtica de protecci\u00f3n de datos de car\u00e1cter personal sean tenidos en cuenta (i) en el dise\u00f1o e implementaci\u00f3n de todos los procedimientos de trabajo, (ii) en los productos y servicios ofrecidos (iii) en todos los contratos y obligaciones que formalicen o asuman y (iv) en la implantaci\u00f3n de cuantos sistemas y plataformas permitan el acceso de empleados o terceros y\/o la recogida o tratamiento de datos de car\u00e1cter personal.<\/p>\t\t\t\t<\/div>\n\t\t\t\t<\/div>\n\t\t\t\t\t<\/div>\n\t\t<\/div>\n\t\t\t\t\t<\/div>\n\t\t<\/section>\n\t\t\t\t<section class=\"elementor-section elementor-top-section elementor-element elementor-element-f40f76e elementor-section-full_width elementor-section-content-middle elementor-section-stretched elementor-reverse-mobile elementor-section-height-min-height elementor-section-height-default elementor-section-items-middle\" data-id=\"f40f76e\" data-element_type=\"section\" data-e-type=\"section\" data-settings=\"{&quot;stretch_section&quot;:&quot;section-stretched&quot;,&quot;background_background&quot;:&quot;classic&quot;}\">\n\t\t\t\t\t\t<div class=\"elementor-container elementor-column-gap-default\">\n\t\t\t\t\t<div class=\"elementor-column elementor-col-100 elementor-top-column elementor-element elementor-element-f81d4b6\" data-id=\"f81d4b6\" data-element_type=\"column\" data-e-type=\"column\">\n\t\t\t<div class=\"elementor-widget-wrap elementor-element-populated\">\n\t\t\t\t\t\t<div class=\"elementor-element elementor-element-2ada075 elementor-widget elementor-widget-droplet_heading\" data-id=\"2ada075\" data-element_type=\"widget\" data-e-type=\"widget\" data-widget_type=\"droplet_heading.default\">\n\t\t\t\t<div class=\"elementor-widget-container\">\n\t\t\t\t\t<h3 class=\"droplet-heading-title droplet-title droplet-size-default\"><b>4. Compromiso de los trabajadores<\/b>\n\n\n\n\n\n<\/h3>\t\t\t\t<\/div>\n\t\t\t\t<\/div>\n\t\t\t\t<div class=\"elementor-element elementor-element-1a15f7d elementor-widget elementor-widget-droplet_heading\" data-id=\"1a15f7d\" data-element_type=\"widget\" data-e-type=\"widget\" data-widget_type=\"droplet_heading.default\">\n\t\t\t\t<div class=\"elementor-widget-container\">\n\t\t\t\t\t<p class=\"droplet-heading-title droplet-desc droplet-size-default\">Los trabajadores son informados de la presente Pol\u00edtica y se declaran conscientes de que la informaci\u00f3n de car\u00e1cter personal es un activo de la Empresa, y a este respecto se adhieren a ella, comprometi\u00e9ndose a lo siguiente:<br>\n* Realizar la formaci\u00f3n de sensibilizaci\u00f3n en Protecci\u00f3n de datos que la Empresa pone a su disposici\u00f3n<br>\n* Aplicar las medidas de seguridad a nivel de usuario que apliquen a su puesto de trabajo, sin perjuicio de las responsabilidades en su dise\u00f1o e implantaci\u00f3n que se puedan pudieran atribu\u00edrsele en funci\u00f3n de su rol dentro de GOLF CLUB COSTA DEL SOL S.A.<br>\n* Utilizar los formatos establecidos para el ejercicio de Derechos por parte de los afectados e informar a la Empresa de forma inmediata de modo que pueda hacerse efectiva la respuesta.<br>\n* Informar a la Empresa, tan pronto tenga conocimiento, de desviaciones de lo establecido en esta Pol\u00edtica, en particular de \u201cViolaciones de seguridad de los datos personales\u201d, utilizando para ello el formato establecido al efecto.\n\n<\/p>\t\t\t\t<\/div>\n\t\t\t\t<\/div>\n\t\t\t\t\t<\/div>\n\t\t<\/div>\n\t\t\t\t\t<\/div>\n\t\t<\/section>\n\t\t\t\t<section class=\"elementor-section elementor-top-section elementor-element elementor-element-a60be85 elementor-section-full_width elementor-section-content-middle elementor-section-stretched elementor-reverse-mobile elementor-section-height-min-height elementor-section-height-default elementor-section-items-middle\" data-id=\"a60be85\" data-element_type=\"section\" data-e-type=\"section\" data-settings=\"{&quot;stretch_section&quot;:&quot;section-stretched&quot;,&quot;background_background&quot;:&quot;classic&quot;}\">\n\t\t\t\t\t\t<div class=\"elementor-container elementor-column-gap-default\">\n\t\t\t\t\t<div class=\"elementor-column elementor-col-100 elementor-top-column elementor-element elementor-element-3f2eb16\" data-id=\"3f2eb16\" data-element_type=\"column\" data-e-type=\"column\">\n\t\t\t<div class=\"elementor-widget-wrap elementor-element-populated\">\n\t\t\t\t\t\t<div class=\"elementor-element elementor-element-5806258 elementor-widget elementor-widget-droplet_heading\" data-id=\"5806258\" data-element_type=\"widget\" data-e-type=\"widget\" data-widget_type=\"droplet_heading.default\">\n\t\t\t\t<div class=\"elementor-widget-container\">\n\t\t\t\t\t<h3 class=\"droplet-heading-title droplet-title droplet-size-default\"><b>5. Control y evaluaci\u00f3n<\/b>\n\n<\/h3>\t\t\t\t<\/div>\n\t\t\t\t<\/div>\n\t\t\t\t<div class=\"elementor-element elementor-element-4076ba4 elementor-widget elementor-widget-droplet_heading\" data-id=\"4076ba4\" data-element_type=\"widget\" data-e-type=\"widget\" data-widget_type=\"droplet_heading.default\">\n\t\t\t\t<div class=\"elementor-widget-container\">\n\t\t\t\t\t<p class=\"droplet-heading-title droplet-desc droplet-size-default\">Se realizar\u00e1 una verificaci\u00f3n, evaluaci\u00f3n y valoraci\u00f3n anual, o cada vez que haya cambios significativos en los tratamientos de datos, de la eficacia de las medidas t\u00e9cnicas y organizativas para garantizar la seguridad del tratamiento.<\/p>\t\t\t\t<\/div>\n\t\t\t\t<\/div>\n\t\t\t\t\t<\/div>\n\t\t<\/div>\n\t\t\t\t\t<\/div>\n\t\t<\/section>\n\t\t\t\t<\/div>\n\t\t","protected":false},"excerpt":{"rendered":"<p>Pol\u00edtica de privacidad P\u00d3LITICA DE PRIVACIDAD GOLF CLUB COSTA DEL SOL S.A. (la \u201cEmpresa\u201d) es una Organizaci\u00f3n en la que se dan actividades de tratamientos de datos de car\u00e1cter personal, lo que le atribuye una importante responsabilidad en el dise\u00f1o y organizaci\u00f3n de procedimientos de modo que est\u00e9n alineados con el cumplimiento legal en esta [&hellip;]<\/p>\n","protected":false},"author":1,"featured_media":0,"parent":0,"menu_order":0,"comment_status":"closed","ping_status":"closed","template":"page-fullwidth.php","meta":{"footnotes":""},"class_list":["post-8137","page","type-page","status-publish","hentry"],"_links":{"self":[{"href":"https:\/\/golftorrequebrada.com\/es\/wp-json\/wp\/v2\/pages\/8137","targetHints":{"allow":["GET"]}}],"collection":[{"href":"https:\/\/golftorrequebrada.com\/es\/wp-json\/wp\/v2\/pages"}],"about":[{"href":"https:\/\/golftorrequebrada.com\/es\/wp-json\/wp\/v2\/types\/page"}],"author":[{"embeddable":true,"href":"https:\/\/golftorrequebrada.com\/es\/wp-json\/wp\/v2\/users\/1"}],"replies":[{"embeddable":true,"href":"https:\/\/golftorrequebrada.com\/es\/wp-json\/wp\/v2\/comments?post=8137"}],"version-history":[{"count":0,"href":"https:\/\/golftorrequebrada.com\/es\/wp-json\/wp\/v2\/pages\/8137\/revisions"}],"wp:attachment":[{"href":"https:\/\/golftorrequebrada.com\/es\/wp-json\/wp\/v2\/media?parent=8137"}],"curies":[{"name":"wp","href":"https:\/\/api.w.org\/{rel}","templated":true}]}}