{"id":8541,"date":"2024-02-13T15:41:27","date_gmt":"2024-02-13T14:41:27","guid":{"rendered":"https:\/\/golftorrequebrada.com\/\/pagina-de-inicio\/"},"modified":"2025-06-05T18:44:10","modified_gmt":"2025-06-05T16:44:10","slug":"inicio","status":"publish","type":"page","link":"https:\/\/golftorrequebrada.com\/es\/","title":{"rendered":"P\u00e1gina de inicio"},"content":{"rendered":"\t\t<div data-elementor-type=\"wp-page\" data-elementor-id=\"8541\" class=\"elementor elementor-8541 elementor-4049\" data-elementor-post-type=\"page\">\n\t\t\t\t<div class=\"elementor-element elementor-element-28ea2b7 e-con-full elementor-hidden-mobile e-flex e-con e-parent\" data-id=\"28ea2b7\" data-element_type=\"container\" data-e-type=\"container\" data-settings=\"{&quot;background_background&quot;:&quot;video&quot;,&quot;background_video_link&quot;:&quot;https:\\\/\\\/www.youtube.com\\\/watch?v=z96Q0DRT2Yk&quot;,&quot;background_play_on_mobile&quot;:&quot;yes&quot;}\">\n\t\t<div class=\"elementor-background-video-container\">\n\t\t\t\t\t\t\t<div class=\"elementor-background-video-embed\" role=\"presentation\"><\/div>\n\t\t\t\t\t\t<\/div>\t\t<div class=\"elementor-element elementor-element-973bd46 elementor-widget elementor-widget-heading\" data-id=\"973bd46\" data-element_type=\"widget\" data-e-type=\"widget\" data-widget_type=\"heading.default\">\n\t\t\t\t<div class=\"elementor-widget-container\">\n\t\t\t\t\t<h6 class=\"elementor-heading-title elementor-size-default\">Golf Torrequebrada<\/h6>\t\t\t\t<\/div>\n\t\t\t\t<\/div>\n\t\t\t\t<div class=\"elementor-element elementor-element-9386e27 elementor-widget elementor-widget-heading\" data-id=\"9386e27\" data-element_type=\"widget\" data-e-type=\"widget\" data-widget_type=\"heading.default\">\n\t\t\t\t<div class=\"elementor-widget-container\">\n\t\t\t\t\t<h1 class=\"elementor-heading-title elementor-size-default\">SU PR\u00d3XIMO DESTINO DE GOLF <br><\/h1>\t\t\t\t<\/div>\n\t\t\t\t<\/div>\n\t\t\t\t<div class=\"elementor-element elementor-element-6276b93 elementor-align-left elementor-tablet-align-left elementor-widget-tablet__width-inherit elementor-mobile-align-left elementor-widget elementor-widget-droplet_button\" data-id=\"6276b93\" data-element_type=\"widget\" data-e-type=\"widget\" data-widget_type=\"droplet_button.default\">\n\t\t\t\t<div class=\"elementor-widget-container\">\n\t\t\t\t\t\t\t<div class=\"droplet-button-wrapper\">\n\t\t\t<a href=\"https:\/\/open.teeone.golf\/es\/torrequebrada\" target=\"_blank\" class=\"droplet-button-link droplet-button elementor-size-md\" role=\"button\">\n\t\t\t\t\t\t<span class=\"droplet-button-content-wrapper align-items-center\">\n\t\t\t\t\t\t<span class=\"droplet-button-text\">Reserve ahora<\/span>\n\t\t<\/span>\n\t\t\t\t\t<\/a>\n\t\t<\/div>\n\t\t\t\t\t\t<\/div>\n\t\t\t\t<\/div>\n\t\t\t\t<\/div>\n\t\t<div class=\"elementor-element elementor-element-eddb500 elementor-hidden-desktop elementor-hidden-tablet e-flex e-con-boxed e-con e-parent\" data-id=\"eddb500\" data-element_type=\"container\" data-e-type=\"container\" data-settings=\"{&quot;background_background&quot;:&quot;classic&quot;}\">\n\t\t\t\t\t<div class=\"e-con-inner\">\n\t\t\t\t<div class=\"elementor-element elementor-element-4cf4935 elementor-widget-mobile__width-inherit elementor-widget elementor-widget-video\" data-id=\"4cf4935\" data-element_type=\"widget\" data-e-type=\"widget\" data-settings=\"{&quot;youtube_url&quot;:&quot;https:\\\/\\\/www.youtube.com\\\/watch?v=z96Q0DRT2Yk&quot;,&quot;autoplay&quot;:&quot;yes&quot;,&quot;mute&quot;:&quot;yes&quot;,&quot;loop&quot;:&quot;yes&quot;,&quot;video_type&quot;:&quot;youtube&quot;}\" data-widget_type=\"video.default\">\n\t\t\t\t<div class=\"elementor-widget-container\">\n\t\t\t\t\t\t\t<div class=\"elementor-wrapper elementor-open-inline\">\n\t\t\t<div class=\"elementor-video\"><\/div>\t\t<\/div>\n\t\t\t\t\t\t<\/div>\n\t\t\t\t<\/div>\n\t\t<div class=\"elementor-element elementor-element-da0dad4 e-con-full e-flex e-con e-child\" data-id=\"da0dad4\" data-element_type=\"container\" data-e-type=\"container\">\n\t\t\t\t<div class=\"elementor-element elementor-element-0e6cbb3 elementor-widget elementor-widget-heading\" data-id=\"0e6cbb3\" data-element_type=\"widget\" data-e-type=\"widget\" data-widget_type=\"heading.default\">\n\t\t\t\t<div class=\"elementor-widget-container\">\n\t\t\t\t\t<h6 class=\"elementor-heading-title elementor-size-default\">Golf Torrequebrada<\/h6>\t\t\t\t<\/div>\n\t\t\t\t<\/div>\n\t\t\t\t<div class=\"elementor-element elementor-element-2ae932d elementor-widget elementor-widget-heading\" data-id=\"2ae932d\" data-element_type=\"widget\" data-e-type=\"widget\" data-widget_type=\"heading.default\">\n\t\t\t\t<div class=\"elementor-widget-container\">\n\t\t\t\t\t<h1 class=\"elementor-heading-title elementor-size-default\">SU PR\u00d3XIMO DESTINO DE GOLF <br><\/h1>\t\t\t\t<\/div>\n\t\t\t\t<\/div>\n\t\t\t\t<div class=\"elementor-element elementor-element-30b9a22 elementor-align-left elementor-tablet-align-center elementor-widget-tablet__width-inherit elementor-mobile-align-left elementor-widget elementor-widget-droplet_button\" data-id=\"30b9a22\" data-element_type=\"widget\" data-e-type=\"widget\" data-widget_type=\"droplet_button.default\">\n\t\t\t\t<div class=\"elementor-widget-container\">\n\t\t\t\t\t\t\t<div class=\"droplet-button-wrapper\">\n\t\t\t<a href=\"https:\/\/open.imaster.golf\/es\/torrequebrada\" class=\"droplet-button-link droplet-button elementor-size-md\" role=\"button\">\n\t\t\t\t\t\t<span class=\"droplet-button-content-wrapper align-items-center\">\n\t\t\t\t\t\t<span class=\"droplet-button-text\">Reserve ahora<\/span>\n\t\t<\/span>\n\t\t\t\t\t<\/a>\n\t\t<\/div>\n\t\t\t\t\t\t<\/div>\n\t\t\t\t<\/div>\n\t\t\t\t<\/div>\n\t\t\t\t\t<\/div>\n\t\t\t\t<\/div>\n\t\t<div class=\"elementor-element elementor-element-1cb515e e-con-full e-flex e-con e-parent\" data-id=\"1cb515e\" data-element_type=\"container\" data-e-type=\"container\">\n\t\t<div class=\"elementor-element elementor-element-3dcd5f6 e-con-full e-flex e-con e-child\" data-id=\"3dcd5f6\" data-element_type=\"container\" data-e-type=\"container\">\n\t\t\t\t<div class=\"elementor-element elementor-element-bdec7f0 elementor-widget elementor-widget-heading\" data-id=\"bdec7f0\" data-element_type=\"widget\" data-e-type=\"widget\" data-widget_type=\"heading.default\">\n\t\t\t\t<div class=\"elementor-widget-container\">\n\t\t\t\t\t<h6 class=\"elementor-heading-title elementor-size-default\"><br>Bienvenido a Torrequebrada<\/h6>\t\t\t\t<\/div>\n\t\t\t\t<\/div>\n\t\t\t\t<div class=\"elementor-element elementor-element-782a910 elementor-widget elementor-widget-heading\" data-id=\"782a910\" data-element_type=\"widget\" data-e-type=\"widget\" data-widget_type=\"heading.default\">\n\t\t\t\t<div class=\"elementor-widget-container\">\n\t\t\t\t\t<h2 class=\"elementor-heading-title elementor-size-default\">ENTRE EL MAR<br>Y LAS MONTA\u00d1AS<\/h2>\t\t\t\t<\/div>\n\t\t\t\t<\/div>\n\t\t\t\t<div class=\"elementor-element elementor-element-5afb1e4 elementor-widget elementor-widget-text-editor\" data-id=\"5afb1e4\" data-element_type=\"widget\" data-e-type=\"widget\" data-widget_type=\"text-editor.default\">\n\t\t\t\t<div class=\"elementor-widget-container\">\n\t\t\t\t\t\t\t\t\t\u00a1Sum\u00e9rjase en una experiencia inolvidable en <b>Golf Torrequebrada<\/b>, donde cada hoyo es una obra de arte dise\u00f1ada por <b>Jos\u00e9 &#8220;Pepe&#8221; Gancedo, el &#8220;Picasso del Golf&#8221;<\/b>!<br><br>\n\nEste campo de <b>18 hoyos<\/b>, inaugurado en <b>1976<\/b>, est\u00e1 perfectamente ubicado en el coraz\u00f3n de la <b>Costa del Sol<\/b>, a tan solo 20 minutos del <b>Aeropuerto Internacional de M\u00e1laga<\/b>.\t\t\t\t\t\t\t\t<\/div>\n\t\t\t\t<\/div>\n\t\t\t\t<div class=\"elementor-element elementor-element-ab8d03c elementor-align-left elementor-tablet-align-center elementor-widget-tablet__width-inherit elementor-mobile-align-center elementor-widget elementor-widget-droplet_button\" data-id=\"ab8d03c\" data-element_type=\"widget\" data-e-type=\"widget\" data-widget_type=\"droplet_button.default\">\n\t\t\t\t<div class=\"elementor-widget-container\">\n\t\t\t\t\t\t\t<div class=\"droplet-button-wrapper\">\n\t\t\t<a href=\"https:\/\/golftorrequebrada.com\/golf-course\/\" class=\"droplet-button-link droplet-button elementor-size-md\" role=\"button\">\n\t\t\t\t\t\t<span class=\"droplet-button-content-wrapper align-items-center\">\n\t\t\t\t\t\t<span class=\"droplet-button-text\">Conozca nuestro campo<\/span>\n\t\t<\/span>\n\t\t\t\t\t<\/a>\n\t\t<\/div>\n\t\t\t\t\t\t<\/div>\n\t\t\t\t<\/div>\n\t\t\t\t<\/div>\n\t\t<div class=\"elementor-element elementor-element-bbfff13 e-con-full e-flex e-con e-child\" data-id=\"bbfff13\" data-element_type=\"container\" data-e-type=\"container\">\n\t\t\t\t<div class=\"elementor-element elementor-element-2ac3592 elementor-widget elementor-widget-image\" data-id=\"2ac3592\" data-element_type=\"widget\" data-e-type=\"widget\" data-widget_type=\"image.default\">\n\t\t\t\t<div class=\"elementor-widget-container\">\n\t\t\t\t\t\t\t\t\t\t\t\t\t\t\t<img fetchpriority=\"high\" decoding=\"async\" width=\"768\" height=\"1064\" src=\"https:\/\/golftorrequebrada.com\/wp-content\/uploads\/2024\/09\/Course-hole-7-golf-torrequebrada-par-4-mediterranean-sea-V3-768x1064.jpg\" class=\"attachment-medium_large size-medium_large wp-image-8047\" alt=\"\" srcset=\"https:\/\/golftorrequebrada.com\/wp-content\/uploads\/2024\/09\/Course-hole-7-golf-torrequebrada-par-4-mediterranean-sea-V3-768x1064.jpg 768w, https:\/\/golftorrequebrada.com\/wp-content\/uploads\/2024\/09\/Course-hole-7-golf-torrequebrada-par-4-mediterranean-sea-V3-216x300.jpg 216w, https:\/\/golftorrequebrada.com\/wp-content\/uploads\/2024\/09\/Course-hole-7-golf-torrequebrada-par-4-mediterranean-sea-V3-739x1024.jpg 739w, https:\/\/golftorrequebrada.com\/wp-content\/uploads\/2024\/09\/Course-hole-7-golf-torrequebrada-par-4-mediterranean-sea-V3.jpg 1024w\" sizes=\"(max-width: 768px) 100vw, 768px\" \/>\t\t\t\t\t\t\t\t\t\t\t\t\t\t\t<\/div>\n\t\t\t\t<\/div>\n\t\t\t\t<div class=\"elementor-element elementor-element-d7c2ebc elementor-hidden-mobile elementor-widget elementor-widget-image\" data-id=\"d7c2ebc\" data-element_type=\"widget\" data-e-type=\"widget\" data-widget_type=\"image.default\">\n\t\t\t\t<div class=\"elementor-widget-container\">\n\t\t\t\t\t\t\t\t\t\t\t\t\t\t\t<img decoding=\"async\" width=\"768\" height=\"1064\" src=\"https:\/\/golftorrequebrada.com\/wp-content\/uploads\/2024\/09\/course-hole-18-golf-torrequebrada-bunker-club-house.jpg\" class=\"attachment-medium_large size-medium_large wp-image-8069\" alt=\"\" srcset=\"https:\/\/golftorrequebrada.com\/wp-content\/uploads\/2024\/09\/course-hole-18-golf-torrequebrada-bunker-club-house.jpg 768w, https:\/\/golftorrequebrada.com\/wp-content\/uploads\/2024\/09\/course-hole-18-golf-torrequebrada-bunker-club-house-217x300.jpg 217w, https:\/\/golftorrequebrada.com\/wp-content\/uploads\/2024\/09\/course-hole-18-golf-torrequebrada-bunker-club-house-739x1024.jpg 739w\" sizes=\"(max-width: 768px) 100vw, 768px\" \/>\t\t\t\t\t\t\t\t\t\t\t\t\t\t\t<\/div>\n\t\t\t\t<\/div>\n\t\t\t\t<\/div>\n\t\t\t\t<\/div>\n\t\t\t\t<section class=\"elementor-section elementor-top-section elementor-element elementor-element-1af140d elementor-section-full_width elementor-section-stretched elementor-section-height-min-height elementor-section-items-bottom elementor-section-height-default\" data-id=\"1af140d\" data-element_type=\"section\" data-e-type=\"section\" data-settings=\"{&quot;stretch_section&quot;:&quot;section-stretched&quot;,&quot;background_background&quot;:&quot;classic&quot;}\">\n\t\t\t\t\t\t<div class=\"elementor-container elementor-column-gap-default\">\n\t\t\t\t\t<div class=\"elementor-column elementor-col-100 elementor-top-column elementor-element elementor-element-c13b6e6\" data-id=\"c13b6e6\" data-element_type=\"column\" data-e-type=\"column\">\n\t\t\t<div class=\"elementor-widget-wrap elementor-element-populated\">\n\t\t\t\t\t\t<section class=\"elementor-section elementor-inner-section elementor-element elementor-element-55f3471 elementor-section-full_width elementor-hidden-mobile elementor-section-height-default elementor-section-height-default\" data-id=\"55f3471\" data-element_type=\"section\" data-e-type=\"section\">\n\t\t\t\t\t\t<div class=\"elementor-container elementor-column-gap-default\">\n\t\t\t\t\t<div class=\"elementor-column elementor-col-50 elementor-inner-column elementor-element elementor-element-d5c5468\" data-id=\"d5c5468\" data-element_type=\"column\" data-e-type=\"column\">\n\t\t\t<div class=\"elementor-widget-wrap\">\n\t\t\t\t\t\t\t<\/div>\n\t\t<\/div>\n\t\t\t\t<div class=\"elementor-column elementor-col-50 elementor-inner-column elementor-element elementor-element-cf3b649\" data-id=\"cf3b649\" data-element_type=\"column\" data-e-type=\"column\" data-settings=\"{&quot;background_background&quot;:&quot;classic&quot;}\">\n\t\t\t<div class=\"elementor-widget-wrap elementor-element-populated\">\n\t\t\t\t\t\t<div class=\"elementor-element elementor-element-b2f0975 elementor-widget elementor-widget-heading\" data-id=\"b2f0975\" data-element_type=\"widget\" data-e-type=\"widget\" data-widget_type=\"heading.default\">\n\t\t\t\t<div class=\"elementor-widget-container\">\n\t\t\t\t\t<h2 class=\"elementor-heading-title elementor-size-default\">disfrute sU JUEGO en un hermoso PAISAJE<\/h2>\t\t\t\t<\/div>\n\t\t\t\t<\/div>\n\t\t\t\t<div class=\"elementor-element elementor-element-f7a4831 elementor-align-left elementor-widget elementor-widget-droplet_button\" data-id=\"f7a4831\" data-element_type=\"widget\" data-e-type=\"widget\" data-widget_type=\"droplet_button.default\">\n\t\t\t\t<div class=\"elementor-widget-container\">\n\t\t\t\t\t\t\t<div class=\"droplet-button-wrapper\">\n\t\t\t<a href=\"https:\/\/open.teeone.golf\/es\/torrequebrada\" target=\"_blank\" class=\"droplet-button-link droplet-button elementor-size-md\" role=\"button\">\n\t\t\t\t\t\t<span class=\"droplet-button-content-wrapper align-items-center\">\n\t\t\t\t\t\t<span class=\"droplet-button-text\">Reserve su partida <\/span>\n\t\t<\/span>\n\t\t\t\t\t<\/a>\n\t\t<\/div>\n\t\t\t\t\t\t<\/div>\n\t\t\t\t<\/div>\n\t\t\t\t\t<\/div>\n\t\t<\/div>\n\t\t\t\t\t<\/div>\n\t\t<\/section>\n\t\t<div class=\"elementor-element elementor-element-95e74ad elementor-hidden-desktop elementor-hidden-tablet e-flex e-con-boxed e-con e-parent\" data-id=\"95e74ad\" data-element_type=\"container\" data-e-type=\"container\" data-settings=\"{&quot;background_background&quot;:&quot;classic&quot;}\">\n\t\t\t\t\t<div class=\"e-con-inner\">\n\t\t\t\t<div class=\"elementor-element elementor-element-67047ad elementor-align-left elementor-tablet-align-left elementor-mobile-align-left elementor-widget-tablet__width-inherit elementor-widget elementor-widget-droplet_button\" data-id=\"67047ad\" data-element_type=\"widget\" data-e-type=\"widget\" data-widget_type=\"droplet_button.default\">\n\t\t\t\t<div class=\"elementor-widget-container\">\n\t\t\t\t\t\t\t<div class=\"droplet-button-wrapper\">\n\t\t\t<a href=\"https:\/\/golftorrequebrada.com\/gallery\" class=\"droplet-button-link droplet-button elementor-size-md\" role=\"button\">\n\t\t\t\t\t\t<span class=\"droplet-button-content-wrapper align-items-center\">\n\t\t\t\t\t\t<span class=\"droplet-button-text\">RESERVE SU PARTIDA<\/span>\n\t\t<\/span>\n\t\t\t\t\t<\/a>\n\t\t<\/div>\n\t\t\t\t\t\t<\/div>\n\t\t\t\t<\/div>\n\t\t\t\t<div class=\"elementor-element elementor-element-349feaa elementor-widget elementor-widget-heading\" data-id=\"349feaa\" data-element_type=\"widget\" data-e-type=\"widget\" data-widget_type=\"heading.default\">\n\t\t\t\t<div class=\"elementor-widget-container\">\n\t\t\t\t\t<h2 class=\"elementor-heading-title elementor-size-default\">Eleva su juego con un hermoso escenario<\/h2>\t\t\t\t<\/div>\n\t\t\t\t<\/div>\n\t\t\t\t\t<\/div>\n\t\t\t\t<\/div>\n\t\t\t\t\t<\/div>\n\t\t<\/div>\n\t\t\t\t\t<\/div>\n\t\t<\/section>\n\t\t\t\t<section class=\"elementor-section elementor-top-section elementor-element elementor-element-76ad099 elementor-section-full_width elementor-section-content-middle elementor-section-stretched elementor-section-height-default elementor-section-height-default\" data-id=\"76ad099\" data-element_type=\"section\" data-e-type=\"section\" data-settings=\"{&quot;stretch_section&quot;:&quot;section-stretched&quot;}\">\n\t\t\t\t\t\t<div class=\"elementor-container elementor-column-gap-no\">\n\t\t\t\t\t<div class=\"elementor-column elementor-col-50 elementor-top-column elementor-element elementor-element-b361208\" data-id=\"b361208\" data-element_type=\"column\" data-e-type=\"column\">\n\t\t\t<div class=\"elementor-widget-wrap elementor-element-populated\">\n\t\t\t\t\t\t<div class=\"elementor-element elementor-element-8a6daad elementor-widget elementor-widget-droplet_heading\" data-id=\"8a6daad\" data-element_type=\"widget\" data-e-type=\"widget\" data-widget_type=\"droplet_heading.default\">\n\t\t\t\t<div class=\"elementor-widget-container\">\n\t\t\t\t\t<h6 class=\"droplet-heading-tagline droplet-title\">Galer\u00eda de fotos<\/h6><h2 class=\"droplet-heading-title droplet-title droplet-size-default\">un Campo pintoresco<\/h2>\t\t\t\t<\/div>\n\t\t\t\t<\/div>\n\t\t\t\t<div class=\"elementor-element elementor-element-518e580 elementor-widget elementor-widget-text-editor\" data-id=\"518e580\" data-element_type=\"widget\" data-e-type=\"widget\" data-widget_type=\"text-editor.default\">\n\t\t\t\t<div class=\"elementor-widget-container\">\n\t\t\t\t\t\t\t\t\t<p><span style=\"white-space-collapse: preserve;\">Explore la belleza natural de Golf Torrequebrada a trav\u00e9s de magn\u00edficas im\u00e1genes. <\/span><\/p>\t\t\t\t\t\t\t\t<\/div>\n\t\t\t\t<\/div>\n\t\t\t\t<div class=\"elementor-element elementor-element-d4af20e elementor-align-left elementor-tablet-align-left elementor-mobile-align-center elementor-widget-tablet__width-inherit elementor-widget elementor-widget-droplet_button\" data-id=\"d4af20e\" data-element_type=\"widget\" data-e-type=\"widget\" data-widget_type=\"droplet_button.default\">\n\t\t\t\t<div class=\"elementor-widget-container\">\n\t\t\t\t\t\t\t<div class=\"droplet-button-wrapper\">\n\t\t\t<a href=\"https:\/\/golftorrequebrada.com\/es\/galeria\/\" target=\"_blank\" class=\"droplet-button-link droplet-button elementor-size-md\" role=\"button\">\n\t\t\t\t\t\t<span class=\"droplet-button-content-wrapper align-items-center\">\n\t\t\t\t\t\t<span class=\"droplet-button-text\">Desc\u00fabranos<\/span>\n\t\t<\/span>\n\t\t\t\t\t<\/a>\n\t\t<\/div>\n\t\t\t\t\t\t<\/div>\n\t\t\t\t<\/div>\n\t\t\t\t\t<\/div>\n\t\t<\/div>\n\t\t\t\t<div class=\"elementor-column elementor-col-50 elementor-top-column elementor-element elementor-element-275abfa\" data-id=\"275abfa\" data-element_type=\"column\" data-e-type=\"column\">\n\t\t\t<div class=\"elementor-widget-wrap elementor-element-populated\">\n\t\t\t\t\t\t<div class=\"elementor-element elementor-element-8fd27e2 droplet-navigation-type-arrows elementor-widget-tablet__width-initial elementor-widget__width-initial droplet-arrows-position-inside elementor-widget elementor-widget-droplet_image_carousel\" data-id=\"8fd27e2\" data-element_type=\"widget\" data-e-type=\"widget\" data-settings=\"{&quot;columns&quot;:&quot;1&quot;,&quot;columns_tablet&quot;:&quot;1&quot;,&quot;columns_mobile&quot;:&quot;1&quot;,&quot;autoplay&quot;:&quot;no&quot;,&quot;centered_slides&quot;:&quot;no&quot;,&quot;loop&quot;:&quot;yes&quot;,&quot;speed&quot;:500}\" data-widget_type=\"droplet_image_carousel.default\">\n\t\t\t\t<div class=\"elementor-widget-container\">\n\t\t\t\t\t        \n        <div id=\"droplet-image-carousel-8fd27e2\" class=\"droplet-image-carousel droplet-image-carousel-wrapper droplet-image-carousel-style-default\" data-settings=\"{&quot;loop&quot;:true,&quot;speed&quot;:500,&quot;slidesPerView&quot;:1,&quot;breakpoints&quot;:{&quot;767&quot;:{&quot;slidesPerView&quot;:1},&quot;1023&quot;:{&quot;slidesPerView&quot;:1}},&quot;navigation&quot;:{&quot;nextEl&quot;:&quot;#droplet-image-carousel-8fd27e2 .droplet-navigation-next&quot;,&quot;prevEl&quot;:&quot;#droplet-image-carousel-8fd27e2 .droplet-navigation-prev&quot;},&quot;pagination&quot;:{&quot;el&quot;:&quot;#droplet-image-carousel-8fd27e2 .swiper-pagination&quot;,&quot;type&quot;:&quot;bullets&quot;,&quot;clickable&quot;:true},&quot;scrollbar&quot;:{&quot;el&quot;:&quot;#droplet-image-carousel-8fd27e2 .swiper-scrollbar&quot;,&quot;hide&quot;:false,&quot;draggable&quot;:true,&quot;dragSize&quot;:&quot;600px&quot;}}\">\n        \t<div class=\"swiper-container\">\n        \t\t<div class=\"swiper-wrapper\">\n        \t\t\t<div class=\"swiper-slide droplet-carousel-item droplet-transition\">\n\t\t\t\t<div class=\"droplet-image-carousel-inner\">\n\t\t\t\t\t<div class=\"droplet-carousel-thumbnail droplet-transition\">\n\t\t\t<img decoding=\"async\" src=\"https:\/\/golftorrequebrada.com\/wp-content\/uploads\/2024\/10\/lady-golfer-ladies-european-tour-access-series-golf-tourrequebrada-hole-11-1.jpg\" alt=\"Hoyo 11\">\n\t\t<\/div>\t\t\t\t\t\t\t\t\t<\/div>\n\t\t\t<\/div>\n\t\t\t\t\t<div class=\"swiper-slide droplet-carousel-item droplet-transition\">\n\t\t\t\t<div class=\"droplet-image-carousel-inner\">\n\t\t\t\t\t<div class=\"droplet-carousel-thumbnail droplet-transition\">\n\t\t\t<img decoding=\"async\" src=\"https:\/\/golftorrequebrada.com\/wp-content\/uploads\/2024\/10\/Hole-18-golf-torrequebrada-bunker-clubhouse-green-last-hole-1.jpg\" alt=\"Hoyo 18\">\n\t\t<\/div>\t\t\t\t\t\t\t\t\t<\/div>\n\t\t\t<\/div>\n\t\t\t\t\t<div class=\"swiper-slide droplet-carousel-item droplet-transition\">\n\t\t\t\t<div class=\"droplet-image-carousel-inner\">\n\t\t\t\t\t<div class=\"droplet-carousel-thumbnail droplet-transition\">\n\t\t\t<img decoding=\"async\" src=\"https:\/\/golftorrequebrada.com\/wp-content\/uploads\/2024\/10\/green-hole-5-golf-torrequebrada-pine-trees-1.jpg\" alt=\"Hoyo 5\">\n\t\t<\/div>\t\t\t\t\t\t\t\t\t<\/div>\n\t\t\t<\/div>\n\t\t\t\t\t<div class=\"swiper-slide droplet-carousel-item droplet-transition\">\n\t\t\t\t<div class=\"droplet-image-carousel-inner\">\n\t\t\t\t\t<div class=\"droplet-carousel-thumbnail droplet-transition\">\n\t\t\t<img decoding=\"async\" src=\"https:\/\/golftorrequebrada.com\/wp-content\/uploads\/2024\/10\/turtles-golf-torrequebrada-lake-hole-11-par-3-1.jpg\" alt=\"Hoyo 11 Tortugas\">\n\t\t<\/div>\t\t\t\t\t\t\t\t\t<\/div>\n\t\t\t<\/div>\n\t\t\t\t\t<div class=\"swiper-slide droplet-carousel-item droplet-transition\">\n\t\t\t\t<div class=\"droplet-image-carousel-inner\">\n\t\t\t\t\t<div class=\"droplet-carousel-thumbnail droplet-transition\">\n\t\t\t<img decoding=\"async\" src=\"https:\/\/golftorrequebrada.com\/wp-content\/uploads\/2024\/10\/hole-6-hole-18th-tee-golf-torreqebrada-view-mountain-3.jpg\" alt=\"Hoyo 6 &amp; 18\">\n\t\t<\/div>\t\t\t\t\t\t\t\t\t<\/div>\n\t\t\t<\/div>\n\t\t                <\/div><!-- End swiper-wrapper -->\n\n                            \n            <\/div> <!-- End swiper-container -->\n\n    \t                    <div class=\"droplet-swiper-arrows droplet-navigation-next droplet-position-bottom-right\">\n                                    \t\t<svg  xmlns=\"http:\/\/www.w3.org\/2000\/svg\" xmlns:xlink=\"http:\/\/www.w3.org\/1999\/xlink\" x=\"0px\" y=\"0px\" width=\"55px\" height=\"100px\" viewBox=\"0 0 55 100\" enable-background=\"new 0 0 55 100\" fill=\"currentColor\" xml:space=\"preserve\"><path id=\"arrow-right\" d=\"M2.117,100A2.128,2.128,0,0,1,.591,99.36a2.059,2.059,0,0,1,.064-2.946L49.83,50,.654,3.588A2.059,2.059,0,0,1,.591.642,2.14,2.14,0,0,1,3.582.58L54.35,48.5a2.059,2.059,0,0,1,0,3.006L3.582,99.422A2.135,2.135,0,0,1,2.117,100Z\" transform=\"translate(-0.002 -0.001)\"\/><\/svg>                                    <\/div>\n                <div class=\"droplet-swiper-arrows droplet-navigation-prev droplet-position-bottom-right\">\n                                    \t\t<svg  xmlns=\"http:\/\/www.w3.org\/2000\/svg\" xmlns:xlink=\"http:\/\/www.w3.org\/1999\/xlink\" x=\"0px\" y=\"0px\" width=\"55px\" height=\"100px\" viewBox=\"0 0 55 100\" enable-background=\"new 0 0 55 100\" fill=\"currentColor\" xml:space=\"preserve\"><path id=\"arrow-left\" d=\"M52.877,99.972a2.135,2.135,0,0,1-1.465-.578L.644,51.475a2.059,2.059,0,0,1,0-3.006L51.412.553A2.138,2.138,0,0,1,54.4.613a2.059,2.059,0,0,1-.064,2.946L5.164,49.972,54.339,96.385a2.059,2.059,0,0,1,.064,2.946A2.131,2.131,0,0,1,52.877,99.972Z\" transform=\"translate(0.008 0.028)\"\/><\/svg>                                    <\/div>\n        \t        <\/div> <!-- End droplet-portcarousel -->\n        \t\t\t\t<\/div>\n\t\t\t\t<\/div>\n\t\t\t\t\t<\/div>\n\t\t<\/div>\n\t\t\t\t\t<\/div>\n\t\t<\/section>\n\t\t\t\t<\/div>\n\t\t","protected":false},"excerpt":{"rendered":"<p>Golf Torrequebrada SU PR\u00d3XIMO DESTINO DE GOLF Reserve ahora Golf Torrequebrada SU PR\u00d3XIMO DESTINO DE GOLF Reserve ahora Bienvenido a Torrequebrada ENTRE EL MARY LAS MONTA\u00d1AS \u00a1Sum\u00e9rjase en una experiencia inolvidable en Golf Torrequebrada, donde cada hoyo es una obra de arte dise\u00f1ada por Jos\u00e9 &#8220;Pepe&#8221; Gancedo, el &#8220;Picasso del Golf&#8221;! Este campo de 18 [&hellip;]<\/p>\n","protected":false},"author":1,"featured_media":0,"parent":0,"menu_order":0,"comment_status":"closed","ping_status":"closed","template":"elementor_header_footer","meta":{"footnotes":""},"class_list":["post-8541","page","type-page","status-publish","hentry"],"_links":{"self":[{"href":"https:\/\/golftorrequebrada.com\/es\/wp-json\/wp\/v2\/pages\/8541","targetHints":{"allow":["GET"]}}],"collection":[{"href":"https:\/\/golftorrequebrada.com\/es\/wp-json\/wp\/v2\/pages"}],"about":[{"href":"https:\/\/golftorrequebrada.com\/es\/wp-json\/wp\/v2\/types\/page"}],"author":[{"embeddable":true,"href":"https:\/\/golftorrequebrada.com\/es\/wp-json\/wp\/v2\/users\/1"}],"replies":[{"embeddable":true,"href":"https:\/\/golftorrequebrada.com\/es\/wp-json\/wp\/v2\/comments?post=8541"}],"version-history":[{"count":9,"href":"https:\/\/golftorrequebrada.com\/es\/wp-json\/wp\/v2\/pages\/8541\/revisions"}],"predecessor-version":[{"id":11495,"href":"https:\/\/golftorrequebrada.com\/es\/wp-json\/wp\/v2\/pages\/8541\/revisions\/11495"}],"wp:attachment":[{"href":"https:\/\/golftorrequebrada.com\/es\/wp-json\/wp\/v2\/media?parent=8541"}],"curies":[{"name":"wp","href":"https:\/\/api.w.org\/{rel}","templated":true}]}}